{"id":46,"date":"2026-03-28T10:41:49","date_gmt":"2026-03-28T10:41:49","guid":{"rendered":"https:\/\/outertune.app\/?page_id=46"},"modified":"2026-03-28T10:41:50","modified_gmt":"2026-03-28T10:41:50","slug":"dmca-uyumlulugu","status":"publish","type":"page","link":"https:\/\/outertune.app\/tr\/dmca-uyumlulugu\/","title":{"rendered":"DMCA Uyumlulu\u011fu"},"content":{"rendered":"<p>At <a href=\"https:\/\/outertune.app\/tr\/\">outertune.app<\/a> (\u201cWeb Sitesi\u201d) olarak, ba\u015fkalar\u0131n\u0131n fikri m\u00fclkiyet haklar\u0131na sayg\u0131 duyuyor ve kullan\u0131c\u0131lardan ve katk\u0131da bulunanlardan da ayn\u0131s\u0131n\u0131 yapmalar\u0131n\u0131 bekliyoruz. Bu DMCA Uyum Politikas\u0131, y\u00fcr\u00fcrl\u00fckteki telif hakk\u0131 yasalar\u0131na uygun olarak telif hakk\u0131 ihlali iddialar\u0131n\u0131 nas\u0131l ele ald\u0131\u011f\u0131m\u0131z\u0131 \u00f6zetlemektedir.<\/p>\n\n\n\n<h2 class=\"wp-block-heading\">Telif Hakk\u0131 \u0130hlalini Bildirme<\/h2>\n\n\n\n<ol class=\"wp-block-list\"><\/ol>\n\n\n\n<p>Bu Web Sitesindeki herhangi bir i\u00e7eri\u011fin telif hakk\u0131n\u0131z\u0131 ihlal etti\u011fini d\u00fc\u015f\u00fcn\u00fcyorsan\u0131z, a\u015fa\u011f\u0131daki ayr\u0131nt\u0131lar\u0131 i\u00e7eren yaz\u0131l\u0131 bir bildirimde bulunabilirsiniz:<\/p>\n\n\n\n<ul class=\"wp-block-list\">\n<li>Fiziksel veya elektronik imzan\u0131z.<\/li>\n\n\n\n<li>\u0130hlal edildi\u011fini iddia etti\u011finiz telif hakk\u0131yla korunan eserin tan\u0131mlanmas\u0131.<\/li>\n\n\n\n<li>Web Sitesindeki tam konumu (URL) da dahil olmak \u00fczere, ihlal etti\u011fi iddia edilen materyalin tan\u0131mlanmas\u0131.<\/li>\n\n\n\n<li>Tam ad\u0131n\u0131z, adresiniz, telefon numaran\u0131z ve e-posta adresiniz dahil olmak \u00fczere ileti\u015fim bilgileriniz.<\/li>\n\n\n\n<li>Materyalin kullan\u0131m\u0131na telif hakk\u0131 sahibi, temsilcisi veya yasalar taraf\u0131ndan izin verilmedi\u011fine dair iyi niyetli bir inanc\u0131n\u0131z oldu\u011funa dair bir beyan.<\/li>\n\n\n\n<li>Yalan beyanda bulunma cezas\u0131 alt\u0131nda, verilen bilgilerin do\u011fru oldu\u011funa ve telif hakk\u0131 sahibi oldu\u011funuza veya onlar ad\u0131na hareket etmeye yetkili oldu\u011funuza dair bir beyan.<\/li>\n<\/ul>\n\n\n\n<p>DMCA bildiriminizi bizim arac\u0131l\u0131\u011f\u0131m\u0131zla g\u00f6nderebilirsiniz <a href=\"https:\/\/outertune.app\/tr\/bize-ulasin\/\">\u0130leti\u015fim Sayfas\u0131<\/a>.<\/p>\n\n\n\n<h2 class=\"wp-block-heading\">Bir Bildirimin Al\u0131nmas\u0131 \u00dczerine Yap\u0131lacaklar<\/h2>\n\n\n\n<ol start=\"2\" class=\"wp-block-list\"><\/ol>\n\n\n\n<p>Ge\u00e7erli bir telif hakk\u0131 ihlali bildirimi ald\u0131ktan sonra, \u015funlar\u0131 yapaca\u011f\u0131z:<\/p>\n\n\n\n<ul class=\"wp-block-list\">\n<li>\u015eikayeti derhal inceleyin<\/li>\n\n\n\n<li>\u0130hlal etti\u011fi iddia edilen materyali kald\u0131rmak veya eri\u015fimi devre d\u0131\u015f\u0131 b\u0131rakmak<\/li>\n\n\n\n<li>Varsa, i\u00e7erikten sorumlu kullan\u0131c\u0131y\u0131 bilgilendirin<\/li>\n<\/ul>\n\n\n\n<h2 class=\"wp-block-heading\">Kar\u015f\u0131 Bildirim<\/h2>\n\n\n\n<ol start=\"3\" class=\"wp-block-list\"><\/ol>\n\n\n\n<p>\u0130\u00e7eri\u011finizin yanl\u0131\u015fl\u0131kla veya yanl\u0131\u015f tan\u0131mlamayla kald\u0131r\u0131ld\u0131\u011f\u0131n\u0131 veya devre d\u0131\u015f\u0131 b\u0131rak\u0131ld\u0131\u011f\u0131n\u0131 d\u00fc\u015f\u00fcn\u00fcyorsan\u0131z, a\u015fa\u011f\u0131dakileri i\u00e7eren bir kar\u015f\u0131 bildirim g\u00f6nderebilirsiniz:<\/p>\n\n\n\n<ul class=\"wp-block-list\">\n<li>Fiziksel veya elektronik imzan\u0131z.<\/li>\n\n\n\n<li>Kald\u0131r\u0131lan malzemenin tan\u0131mlanmas\u0131 ve kald\u0131r\u0131lmadan \u00f6nce g\u00f6r\u00fcnd\u00fc\u011f\u00fc yer.<\/li>\n\n\n\n<li>Yalan yere yemin cezas\u0131 alt\u0131nda, materyalin hata veya yanl\u0131\u015f tan\u0131mlama nedeniyle kald\u0131r\u0131ld\u0131\u011f\u0131na dair iyi niyetli bir inanc\u0131n\u0131z oldu\u011funa dair bir beyan.<\/li>\n\n\n\n<li>Ad\u0131n\u0131z, adresiniz, telefon numaran\u0131z ve e-posta adresiniz.<\/li>\n\n\n\n<li>Uygun mahkemelerin yarg\u0131 yetkisini kabul etti\u011finizi ve orijinal \u015fikayeti g\u00f6nderen ki\u015fiden gelen tebligat\u0131 kabul etti\u011finizi belirten bir beyan.<\/li>\n<\/ul>\n\n\n\n<p>Kar\u015f\u0131 bildirimler de bizim arac\u0131l\u0131\u011f\u0131m\u0131zla g\u00f6nderilmelidir <a href=\"https:\/\/outertune.app\/tr\/bize-ulasin\/\">\u0130leti\u015fim Sayfas\u0131<\/a>.<\/p>\n\n\n\n<h2 class=\"wp-block-heading\">\u0130hlalin Tekrar\u0131<\/h2>\n\n\n\n<ol start=\"4\" class=\"wp-block-list\"><\/ol>\n\n\n\n<p>Telif haklar\u0131n\u0131 tekrar tekrar ihlal etti\u011fi veya fikri m\u00fclkiyet haklar\u0131n\u0131 ihlal etti\u011fi tespit edilen kullan\u0131c\u0131lar\u0131n Web Sitesine eri\u015fimini ask\u0131ya alma veya sonland\u0131rma hakk\u0131m\u0131z\u0131 sakl\u0131 tutar\u0131z.<\/p>\n\n\n\n<h2 class=\"wp-block-heading\">DMCA S\u00fcrecinin K\u00f6t\u00fcye Kullan\u0131m\u0131<\/h2>\n\n\n\n<ol start=\"5\" class=\"wp-block-list\"><\/ol>\n\n\n\n<p>Yanl\u0131\u015f veya yan\u0131lt\u0131c\u0131 taleplerde bulunmak yasal sonu\u00e7lara yol a\u00e7abilir. T\u00fcm taraflar\u0131, taleplerinin do\u011fru oldu\u011fundan ve iyi niyetle yap\u0131ld\u0131\u011f\u0131ndan emin olmaya te\u015fvik ediyoruz.<\/p>\n\n\n\n<h2 class=\"wp-block-heading\">Bu Politikadaki De\u011fi\u015fiklikler<\/h2>\n\n\n\n<ol start=\"6\" class=\"wp-block-list\"><\/ol>\n\n\n\n<p>Bu DMCA Uyum Politikas\u0131n\u0131 istedi\u011fimiz zaman g\u00fcncelleyebiliriz. Herhangi bir de\u011fi\u015fiklik, g\u00fcncellenmi\u015f bir Y\u00fcr\u00fcrl\u00fck Tarihi ile bu sayfada yay\u0131nlanacakt\u0131r.<\/p>\n\n\n\n<h2 class=\"wp-block-heading\">Bize Ula\u015f\u0131n<\/h2>\n\n\n\n<ol start=\"7\" class=\"wp-block-list\"><\/ol>\n\n\n\n<p>Bu DMCA Uyum Politikas\u0131 ile ilgili herhangi bir sorunuz varsa, \u015funlar\u0131 yapabilirsiniz <a href=\"https:\/\/outertune.app\/tr\/bize-ulasin\/\">Bize ula\u015f\u0131n<\/a>.<\/p>","protected":false},"excerpt":{"rendered":"<p>Outertune.app&#039;te (&quot;Web Sitesi&quot;), ba\u015fkalar\u0131n\u0131n fikri m\u00fclkiyet haklar\u0131na sayg\u0131 duyuyoruz ve kullan\u0131c\u0131lar\u0131n ve katk\u0131da bulunanlar\u0131n da ayn\u0131s\u0131n\u0131 yapmas\u0131n\u0131 bekliyoruz. Bu DMCA Uyumluluk Politikas\u0131, ge\u00e7erli telif hakk\u0131 yasalar\u0131na uygun olarak telif hakk\u0131 ihlali iddialar\u0131n\u0131 nas\u0131l ele ald\u0131\u011f\u0131m\u0131z\u0131 \u00f6zetlemektedir. Telif Hakk\u0131 \u0130hlalini Bildirme Bu Web Sitesindeki herhangi bir i\u00e7eri\u011fin telif hakk\u0131n\u0131z\u0131 ihlal etti\u011fine inan\u0131yorsan\u0131z, \u015funlar\u0131 yapabilirsiniz\u2026<\/p>","protected":false},"author":1,"featured_media":0,"parent":0,"menu_order":0,"comment_status":"closed","ping_status":"closed","template":"","meta":{"_kad_blocks_custom_css":"","_kad_blocks_head_custom_js":"","_kad_blocks_body_custom_js":"","_kad_blocks_footer_custom_js":"","_kad_post_transparent":"","_kad_post_title":"","_kad_post_layout":"","_kad_post_sidebar_id":"","_kad_post_content_style":"","_kad_post_vertical_padding":"","_kad_post_feature":"","_kad_post_feature_position":"","_kad_post_header":false,"_kad_post_footer":false,"_kad_post_classname":"","footnotes":""},"class_list":["post-46","page","type-page","status-publish","hentry"],"taxonomy_info":[],"featured_image_src_large":false,"author_info":{"display_name":"Gabbie","author_link":"https:\/\/outertune.app\/tr\/author\/misra9884gmail-com\/"},"comment_info":0,"_links":{"self":[{"href":"https:\/\/outertune.app\/tr\/wp-json\/wp\/v2\/pages\/46","targetHints":{"allow":["GET"]}}],"collection":[{"href":"https:\/\/outertune.app\/tr\/wp-json\/wp\/v2\/pages"}],"about":[{"href":"https:\/\/outertune.app\/tr\/wp-json\/wp\/v2\/types\/page"}],"author":[{"embeddable":true,"href":"https:\/\/outertune.app\/tr\/wp-json\/wp\/v2\/users\/1"}],"replies":[{"embeddable":true,"href":"https:\/\/outertune.app\/tr\/wp-json\/wp\/v2\/comments?post=46"}],"version-history":[{"count":1,"href":"https:\/\/outertune.app\/tr\/wp-json\/wp\/v2\/pages\/46\/revisions"}],"predecessor-version":[{"id":47,"href":"https:\/\/outertune.app\/tr\/wp-json\/wp\/v2\/pages\/46\/revisions\/47"}],"wp:attachment":[{"href":"https:\/\/outertune.app\/tr\/wp-json\/wp\/v2\/media?parent=46"}],"curies":[{"name":"wp","href":"https:\/\/api.w.org\/{rel}","templated":true}]}}