{"id":44,"date":"2026-03-28T10:39:53","date_gmt":"2026-03-28T10:39:53","guid":{"rendered":"https:\/\/outertune.app\/?page_id=44"},"modified":"2026-03-28T10:39:54","modified_gmt":"2026-03-28T10:39:54","slug":"gdpr-uyumlulugu","status":"publish","type":"page","link":"https:\/\/outertune.app\/tr\/gdpr-uyumlulugu\/","title":{"rendered":"GDPR Uyumlulu\u011fu"},"content":{"rendered":"<p>outertune.app (\u201cWeb Sitesi\u201d) olarak, kullan\u0131c\u0131lar\u0131m\u0131z\u0131n gizlili\u011fini ve ki\u015fisel verilerini korumay\u0131 taahh\u00fct ediyoruz. Bu sayfa, Avrupa Ekonomik Alan\u0131'nda (EEA) bulunan kullan\u0131c\u0131lar i\u00e7in Genel Veri Koruma Y\u00f6netmeli\u011fi'ne (GDPR) uygun olarak ki\u015fisel verileri nas\u0131l i\u015fledi\u011fimizi a\u00e7\u0131klamaktad\u0131r.<\/p>\n\n\n\n<h2 class=\"wp-block-heading\">Toplad\u0131\u011f\u0131m\u0131z Veriler<\/h2>\n\n\n\n<ol class=\"wp-block-list\"><\/ol>\n\n\n\n<p>A\u015fa\u011f\u0131daki ki\u015fisel veri t\u00fcrlerini toplayabilir ve i\u015fleyebiliriz:<\/p>\n\n\n\n<ul class=\"wp-block-list\">\n<li>\u0130leti\u015fim Bilgileri - bizimle ileti\u015fime ge\u00e7ti\u011finizde ad\u0131n\u0131z ve e-posta adresiniz gibi<\/li>\n\n\n\n<li>Kullan\u0131m Verileri - IP adresi, taray\u0131c\u0131 t\u00fcr\u00fc, cihaz bilgileri ve ziyaret edilen sayfalar dahil<\/li>\n\n\n\n<li>\u00c7erezler ve \u0130zleme Verileri - i\u015flevselli\u011fi geli\u015ftirmek ve trafi\u011fi analiz etmek i\u00e7in kullan\u0131l\u0131r<\/li>\n<\/ul>\n\n\n\n<h2 class=\"wp-block-heading\">\u0130\u015flemenin Yasal Dayana\u011f\u0131<\/h2>\n\n\n\n<ol start=\"2\" class=\"wp-block-list\"><\/ol>\n\n\n\n<p>Ki\u015fisel verileri yaln\u0131zca a\u015fa\u011f\u0131dakiler de dahil olmak \u00fczere ge\u00e7erli bir yasal dayana\u011f\u0131m\u0131z oldu\u011funda i\u015fleriz:<\/p>\n\n\n\n<ul class=\"wp-block-list\">\n<li>R\u0131za - bilgilerinizi g\u00f6n\u00fcll\u00fc olarak verdi\u011finizde<\/li>\n\n\n\n<li>Me\u015fru Menfaatler - Web Sitesini iyile\u015ftirmek, g\u00fcvenli\u011fi sa\u011flamak ve kullan\u0131m\u0131 analiz etmek<\/li>\n\n\n\n<li>Yasal Y\u00fck\u00fcml\u00fcl\u00fckler - y\u00fcr\u00fcrl\u00fckteki yasalara uymak i\u00e7in gerekli oldu\u011funda<\/li>\n<\/ul>\n\n\n\n<h2 class=\"wp-block-heading\">Verilerinizi Nas\u0131l Kullan\u0131yoruz<\/h2>\n\n\n\n<ol start=\"3\" class=\"wp-block-list\"><\/ol>\n\n\n\n<p>Ki\u015fisel verilerinizi \u015fu ama\u00e7larla kullan\u0131r\u0131z:<\/p>\n\n\n\n<ul class=\"wp-block-list\">\n<li>\u0130leti\u015fim formumuz arac\u0131l\u0131\u011f\u0131yla g\u00f6nderilen sorulara yan\u0131t verin<\/li>\n\n\n\n<li>Web sitesi performans\u0131n\u0131 ve kullan\u0131c\u0131 deneyimini iyile\u015ftirin<\/li>\n\n\n\n<li>G\u00fcvenli\u011fi sa\u011flay\u0131n ve k\u00f6t\u00fcye kullan\u0131m\u0131 \u00f6nleyin<\/li>\n\n\n\n<li>\u00dc\u00e7\u00fcnc\u00fc taraf hizmetleri arac\u0131l\u0131\u011f\u0131yla ilgili reklamlar\u0131 g\u00f6r\u00fcnt\u00fcleme<\/li>\n<\/ul>\n\n\n\n<h2 class=\"wp-block-heading\">Veri Saklama<\/h2>\n\n\n\n<ol start=\"4\" class=\"wp-block-list\"><\/ol>\n\n\n\n<p>Ki\u015fisel verileri yaln\u0131zca bu politikada belirtilen ama\u00e7lar\u0131 yerine getirmek i\u00e7in gerekli oldu\u011fu s\u00fcrece veya yasalar\u0131n gerektirdi\u011fi \u015fekilde saklar\u0131z. Art\u0131k ihtiya\u00e7 duyulmad\u0131\u011f\u0131nda, veriler g\u00fcvenli bir \u015fekilde silinir veya anonim hale getirilir.<\/p>\n\n\n\n<h2 class=\"wp-block-heading\">GDPR Haklar\u0131n\u0131z<\/h2>\n\n\n\n<ol start=\"5\" class=\"wp-block-list\"><\/ol>\n\n\n\n<p>AEA'da bulunuyorsan\u0131z, a\u015fa\u011f\u0131daki haklara sahipsiniz:<\/p>\n\n\n\n<ul class=\"wp-block-list\">\n<li>Eri\u015fim Hakk\u0131 - ki\u015fisel verilerinizin bir kopyas\u0131n\u0131 talep edin<\/li>\n\n\n\n<li>D\u00fczeltme Hakk\u0131 - yanl\u0131\u015f veya eksik verilerin d\u00fczeltilmesi<\/li>\n\n\n\n<li>Silme Hakk\u0131 - verilerinizin silinmesini talep edin<\/li>\n\n\n\n<li>\u0130\u015flemeyi K\u0131s\u0131tlama Hakk\u0131 - verilerinizin nas\u0131l kullan\u0131ld\u0131\u011f\u0131n\u0131 s\u0131n\u0131rland\u0131r\u0131n<\/li>\n\n\n\n<li>Veri Ta\u015f\u0131nabilirli\u011fi Hakk\u0131 - verilerinizi yap\u0131land\u0131r\u0131lm\u0131\u015f bir formatta al\u0131n<\/li>\n\n\n\n<li>\u0130tiraz Hakk\u0131 - belirli veri i\u015fleme t\u00fcrlerine itiraz etme<\/li>\n\n\n\n<li>\u0130zni Geri \u00c7ekme Hakk\u0131 - izninizi istedi\u011finiz zaman geri \u00e7ekin<\/li>\n<\/ul>\n\n\n\n<p>Bu haklardan herhangi birini kullanmak i\u00e7in l\u00fctfen <a href=\"https:\/\/outertune.app\/tr\/bize-ulasin\/\">Bize ula\u015f\u0131n<\/a>.<\/p>\n\n\n\n<h2 class=\"wp-block-heading\">\u00c7erezler ve Reklamlar<\/h2>\n\n\n\n<ol start=\"6\" class=\"wp-block-list\"><\/ol>\n\n\n\n<p>\u00c7erezleri ve benzer teknolojileri \u015fu ama\u00e7larla kullan\u0131r\u0131z:<\/p>\n\n\n\n<ul class=\"wp-block-list\">\n<li>Kullan\u0131c\u0131 deneyimini geli\u015ftirin<\/li>\n\n\n\n<li>Web sitesi trafi\u011fini analiz edin<\/li>\n\n\n\n<li>Google AdSense gibi \u00fc\u00e7\u00fcnc\u00fc taraf sa\u011flay\u0131c\u0131lar arac\u0131l\u0131\u011f\u0131yla ki\u015fiselle\u015ftirilmi\u015f reklamlar sunmak<\/li>\n<\/ul>\n\n\n\n<p>Bu \u00fc\u00e7\u00fcnc\u00fc taraf hizmetleri, tarama davran\u0131\u015f\u0131n\u0131za dayal\u0131 reklamlar g\u00f6r\u00fcnt\u00fclemek i\u00e7in \u00e7erezleri kullanabilir. Taray\u0131c\u0131 ayarlar\u0131n\u0131z arac\u0131l\u0131\u011f\u0131yla \u00e7erezleri y\u00f6netebilir veya devre d\u0131\u015f\u0131 b\u0131rakabilirsiniz.<\/p>\n\n\n\n<h2 class=\"wp-block-heading\">Veri G\u00fcvenli\u011fi<\/h2>\n\n\n\n<ol start=\"7\" class=\"wp-block-list\"><\/ol>\n\n\n\n<p>Ki\u015fisel verilerinizi yetkisiz eri\u015fim, if\u015fa veya k\u00f6t\u00fcye kullan\u0131mdan korumak i\u00e7in uygun teknik ve organizasyonel \u00f6nlemleri uyguluyoruz. Ancak, hi\u00e7bir \u00e7evrimi\u00e7i sistem tamamen g\u00fcvenli de\u011fildir.<\/p>\n\n\n\n<h2 class=\"wp-block-heading\">Uluslararas\u0131 Veri Aktar\u0131mlar\u0131<\/h2>\n\n\n\n<ol start=\"8\" class=\"wp-block-list\"><\/ol>\n\n\n\n<p>Bilgileriniz AEA d\u0131\u015f\u0131ndaki \u00fclkelere aktar\u0131labilir ve buralarda i\u015flenebilir. Verilerinizi GDPR gerekliliklerine uygun olarak korumak i\u00e7in uygun \u00f6nlemlerin al\u0131nd\u0131\u011f\u0131ndan emin oluruz.<\/p>\n\n\n\n<h2 class=\"wp-block-heading\">Bu GDPR Politikas\u0131ndaki De\u011fi\u015fiklikler<\/h2>\n\n\n\n<ol start=\"9\" class=\"wp-block-list\"><\/ol>\n\n\n\n<p>Bu GDPR Uyumluluk sayfas\u0131n\u0131 zaman zaman g\u00fcncelleyebiliriz. Herhangi bir de\u011fi\u015fiklik, g\u00fcncellenmi\u015f bir Y\u00fcr\u00fcrl\u00fck Tarihi ile birlikte burada yay\u0131nlanacakt\u0131r.<\/p>\n\n\n\n<h2 class=\"wp-block-heading\">Bize Ula\u015f\u0131n<\/h2>\n\n\n\n<ol start=\"10\" class=\"wp-block-list\"><\/ol>\n\n\n\n<p>Bu GDPR Uyumlulu\u011fu veya veri haklar\u0131n\u0131z hakk\u0131nda herhangi bir sorunuz varsa, l\u00fctfen <a href=\"https:\/\/outertune.app\/tr\/bize-ulasin\/\">Bize ula\u015f\u0131n<\/a>.<\/p>","protected":false},"excerpt":{"rendered":"<p>outertune.app (\u201cWeb Sitesi\u201d) olarak, kullan\u0131c\u0131lar\u0131m\u0131z\u0131n gizlili\u011fini ve ki\u015fisel verilerini korumay\u0131 taahh\u00fct ediyoruz. Bu sayfa, Avrupa Ekonomik Alan\u0131'nda (EEA) bulunan kullan\u0131c\u0131lar i\u00e7in Genel Veri Koruma Y\u00f6netmeli\u011fi'ne (GDPR) uygun olarak ki\u015fisel verileri nas\u0131l i\u015fledi\u011fimizi a\u00e7\u0131klamaktad\u0131r. Toplad\u0131\u011f\u0131m\u0131z Veriler A\u015fa\u011f\u0131daki veri t\u00fcrlerini toplayabilir ve i\u015fleyebiliriz...<\/p>","protected":false},"author":1,"featured_media":0,"parent":0,"menu_order":0,"comment_status":"closed","ping_status":"closed","template":"","meta":{"_kad_blocks_custom_css":"","_kad_blocks_head_custom_js":"","_kad_blocks_body_custom_js":"","_kad_blocks_footer_custom_js":"","_kad_post_transparent":"","_kad_post_title":"","_kad_post_layout":"","_kad_post_sidebar_id":"","_kad_post_content_style":"","_kad_post_vertical_padding":"","_kad_post_feature":"","_kad_post_feature_position":"","_kad_post_header":false,"_kad_post_footer":false,"_kad_post_classname":"","footnotes":""},"class_list":["post-44","page","type-page","status-publish","hentry"],"taxonomy_info":[],"featured_image_src_large":false,"author_info":{"display_name":"Gabbie","author_link":"https:\/\/outertune.app\/tr\/author\/misra9884gmail-com\/"},"comment_info":0,"_links":{"self":[{"href":"https:\/\/outertune.app\/tr\/wp-json\/wp\/v2\/pages\/44","targetHints":{"allow":["GET"]}}],"collection":[{"href":"https:\/\/outertune.app\/tr\/wp-json\/wp\/v2\/pages"}],"about":[{"href":"https:\/\/outertune.app\/tr\/wp-json\/wp\/v2\/types\/page"}],"author":[{"embeddable":true,"href":"https:\/\/outertune.app\/tr\/wp-json\/wp\/v2\/users\/1"}],"replies":[{"embeddable":true,"href":"https:\/\/outertune.app\/tr\/wp-json\/wp\/v2\/comments?post=44"}],"version-history":[{"count":1,"href":"https:\/\/outertune.app\/tr\/wp-json\/wp\/v2\/pages\/44\/revisions"}],"predecessor-version":[{"id":45,"href":"https:\/\/outertune.app\/tr\/wp-json\/wp\/v2\/pages\/44\/revisions\/45"}],"wp:attachment":[{"href":"https:\/\/outertune.app\/tr\/wp-json\/wp\/v2\/media?parent=44"}],"curies":[{"name":"wp","href":"https:\/\/api.w.org\/{rel}","templated":true}]}}