{"id":40,"date":"2026-03-28T10:33:46","date_gmt":"2026-03-28T10:33:46","guid":{"rendered":"https:\/\/outertune.app\/?page_id=40"},"modified":"2026-03-28T10:33:47","modified_gmt":"2026-03-28T10:33:47","slug":"yasal-uyari","status":"publish","type":"page","link":"https:\/\/outertune.app\/tr\/yasal-uyari\/","title":{"rendered":"Sorumluluk Reddi"},"content":{"rendered":"<p>Ho\u015f geldiniz <a href=\"https:\/\/outertune.app\/tr\/\">outertune.app<\/a> (\u201cWeb Sitesi\u201d). Bu Web Sitesinde sa\u011flanan bilgiler yaln\u0131zca genel bilgilendirme ve e\u011fitim ama\u00e7l\u0131d\u0131r. Bu Web Sitesini kullanarak, bu Feragatnameyi kabul etmi\u015f olursunuz.<\/p>\n\n\n\n<h2 class=\"wp-block-heading\">Genel Bilgiler<\/h2>\n\n\n\n<ol class=\"wp-block-list\"><\/ol>\n\n\n\n<p>Bu Web Sitesinde yay\u0131nlanan t\u00fcm i\u00e7erik, iyi niyetle ve Outertune uygulamas\u0131yla ilgili genel bilgiler i\u00e7in sa\u011flanm\u0131\u015ft\u0131r. Bilgileri do\u011fru ve g\u00fcncel tutmaya \u00e7al\u0131\u015fsak da, eksiksizlik, g\u00fcvenilirlik veya do\u011fruluk konusunda hi\u00e7bir garanti vermiyoruz.<\/p>\n\n\n\n<p>Bu Web Sitesinde bulunan bilgilere dayanarak yapaca\u011f\u0131n\u0131z her t\u00fcrl\u00fc i\u015flemin riski kesinlikle size aittir.<\/p>\n\n\n\n<h2 class=\"wp-block-heading\">Profesyonel Tavsiye Yok<\/h2>\n\n\n\n<ol start=\"2\" class=\"wp-block-list\"><\/ol>\n\n\n\n<p>Bu Web Sitesindeki i\u00e7erik profesyonel, teknik veya hukuki tavsiye niteli\u011fi ta\u015f\u0131mamaktad\u0131r. Kullan\u0131c\u0131lar herhangi bir bilgiye g\u00fcvenmeden \u00f6nce ba\u011f\u0131ms\u0131z olarak do\u011frulamal\u0131d\u0131r.<\/p>\n\n\n\n<h2 class=\"wp-block-heading\">Harici Ba\u011flant\u0131lar Sorumluluk Reddi<\/h2>\n\n\n\n<ol start=\"3\" class=\"wp-block-list\"><\/ol>\n\n\n\n<p>Bu Web Sitesi, ek bilgi veya kolayl\u0131k sa\u011flamak i\u00e7in \u00fc\u00e7\u00fcnc\u00fc taraf web sitelerine veya hizmetlerine ba\u011flant\u0131lar i\u00e7erebilir.<\/p>\n\n\n\n<p>Herhangi bir harici web sitesinin i\u00e7eri\u011fini, do\u011frulu\u011funu veya uygulamalar\u0131n\u0131 kontrol etmiyoruz veya sorumluluk alm\u0131yoruz. Bu t\u00fcr ba\u011flant\u0131lar\u0131 ziyaret etmek kendi takdirinize ve riskinize ba\u011fl\u0131d\u0131r.<\/p>\n\n\n\n<h2 class=\"wp-block-heading\">Google AdSense Sorumluluk Reddi<\/h2>\n\n\n\n<ol start=\"4\" class=\"wp-block-list\"><\/ol>\n\n\n\n<p>Bu Web Sitesi, Google AdSense gibi \u00fc\u00e7\u00fcnc\u00fc taraf reklam a\u011flar\u0131 arac\u0131l\u0131\u011f\u0131yla reklam g\u00f6r\u00fcnt\u00fcleyebilir.<\/p>\n\n\n\n<ul class=\"wp-block-list\">\n<li>Bu reklamlar, alakal\u0131 reklamlar g\u00f6stermek i\u00e7in \u00e7erezleri ve izleme teknolojilerini kullanabilir.<\/li>\n\n\n\n<li>Bu reklamlar\u0131n i\u00e7eri\u011fini kontrol etmiyoruz.<\/li>\n\n\n\n<li>\u00dc\u00e7\u00fcnc\u00fc taraf reklamlar\u0131na t\u0131klamak sizi harici web sitelerine y\u00f6nlendirecektir ve bu web sitelerinin i\u00e7eriklerinden veya gizlilik uygulamalar\u0131ndan sorumlu de\u011filiz.<\/li>\n<\/ul>\n\n\n\n<h2 class=\"wp-block-heading\">Sorumlulu\u011fun S\u0131n\u0131rland\u0131r\u0131lmas\u0131<\/h2>\n\n\n\n<ol start=\"5\" class=\"wp-block-list\"><\/ol>\n\n\n\n<p>Hi\u00e7bir ko\u015ful alt\u0131nda outertune.app, sahibi veya katk\u0131da bulunanlar, a\u015fa\u011f\u0131dakilerden kaynaklanan herhangi bir do\u011frudan, dolayl\u0131, ar\u0131zi veya sonu\u00e7 olarak ortaya \u00e7\u0131kan zararlardan sorumlu tutulamaz:<\/p>\n\n\n\n<ul class=\"wp-block-list\">\n<li>Web Sitesinin Kullan\u0131m\u0131<\/li>\n\n\n\n<li>Sa\u011flanan herhangi bir bilgiye g\u00fcvenilmesi<\/li>\n\n\n\n<li>\u00dc\u00e7\u00fcnc\u00fc taraf ba\u011flant\u0131lar\u0131 veya reklamlar\u0131 ile etkile\u015fim<\/li>\n<\/ul>\n\n\n\n<h2 class=\"wp-block-heading\">R\u0131za<\/h2>\n\n\n\n<ol start=\"6\" class=\"wp-block-list\"><\/ol>\n\n\n\n<p>Web sitemizi kullanarak, bu Feragatnameyi onaylam\u0131\u015f ve \u015fartlar\u0131n\u0131 kabul etmi\u015f olursunuz.<\/p>\n\n\n\n<h2 class=\"wp-block-heading\">G\u00fcncellemeler<\/h2>\n\n\n\n<ol start=\"7\" class=\"wp-block-list\"><\/ol>\n\n\n\n<p>Bu Feragatnameyi \u00f6nceden haber vermeksizin istedi\u011fimiz zaman g\u00fcncelleyebiliriz. Herhangi bir de\u011fi\u015fiklik, g\u00fcncellenmi\u015f Y\u00fcr\u00fcrl\u00fck Tarihi ile birlikte bu sayfada yay\u0131nlanacakt\u0131r.<\/p>\n\n\n\n<h2 class=\"wp-block-heading\">Bize Ula\u015f\u0131n<\/h2>\n\n\n\n<ol start=\"8\" class=\"wp-block-list\"><\/ol>\n\n\n\n<p>Bu Feragatname ile ilgili herhangi bir sorunuz varsa, \u015funlar\u0131 yapabilirsiniz <a href=\"https:\/\/outertune.app\/tr\/bize-ulasin\/\">Bize ula\u015f\u0131n<\/a>.<\/p>","protected":false},"excerpt":{"rendered":"<p>Outertune.app&#039;e (&quot;Web Sitesi&quot;) ho\u015f geldiniz. Bu Web Sitesinde sa\u011flanan bilgiler yaln\u0131zca genel bilgilendirme ve e\u011fitim ama\u00e7l\u0131d\u0131r. Bu Web Sitesini kullanarak, bu Sorumluluk Reddi Beyan\u0131n\u0131 kabul etmi\u015f olursunuz. Genel Bilgiler Bu Web Sitesinde yay\u0131nlanan t\u00fcm i\u00e7erik, Outertune uygulamas\u0131yla ilgili genel bilgiler i\u00e7in iyi niyetle sa\u011flanm\u0131\u015ft\u0131r. ...<\/p>","protected":false},"author":1,"featured_media":0,"parent":0,"menu_order":0,"comment_status":"closed","ping_status":"closed","template":"","meta":{"_kad_blocks_custom_css":"","_kad_blocks_head_custom_js":"","_kad_blocks_body_custom_js":"","_kad_blocks_footer_custom_js":"","_kad_post_transparent":"","_kad_post_title":"","_kad_post_layout":"","_kad_post_sidebar_id":"","_kad_post_content_style":"","_kad_post_vertical_padding":"","_kad_post_feature":"","_kad_post_feature_position":"","_kad_post_header":false,"_kad_post_footer":false,"_kad_post_classname":"","footnotes":""},"class_list":["post-40","page","type-page","status-publish","hentry"],"taxonomy_info":[],"featured_image_src_large":false,"author_info":{"display_name":"Gabbie","author_link":"https:\/\/outertune.app\/tr\/author\/misra9884gmail-com\/"},"comment_info":0,"_links":{"self":[{"href":"https:\/\/outertune.app\/tr\/wp-json\/wp\/v2\/pages\/40","targetHints":{"allow":["GET"]}}],"collection":[{"href":"https:\/\/outertune.app\/tr\/wp-json\/wp\/v2\/pages"}],"about":[{"href":"https:\/\/outertune.app\/tr\/wp-json\/wp\/v2\/types\/page"}],"author":[{"embeddable":true,"href":"https:\/\/outertune.app\/tr\/wp-json\/wp\/v2\/users\/1"}],"replies":[{"embeddable":true,"href":"https:\/\/outertune.app\/tr\/wp-json\/wp\/v2\/comments?post=40"}],"version-history":[{"count":1,"href":"https:\/\/outertune.app\/tr\/wp-json\/wp\/v2\/pages\/40\/revisions"}],"predecessor-version":[{"id":41,"href":"https:\/\/outertune.app\/tr\/wp-json\/wp\/v2\/pages\/40\/revisions\/41"}],"wp:attachment":[{"href":"https:\/\/outertune.app\/tr\/wp-json\/wp\/v2\/media?parent=40"}],"curies":[{"name":"wp","href":"https:\/\/api.w.org\/{rel}","templated":true}]}}