{"id":3,"date":"2026-03-22T13:59:24","date_gmt":"2026-03-22T13:59:24","guid":{"rendered":"http:\/\/outertune.app\/?page_id=3"},"modified":"2026-03-28T10:31:03","modified_gmt":"2026-03-28T10:31:03","slug":"gizlilik-politikasi","status":"publish","type":"page","link":"https:\/\/outertune.app\/tr\/gizlilik-politikasi\/","title":{"rendered":"Gizlilik Politikas\u0131"},"content":{"rendered":"<p>Ho\u015f geldiniz <a href=\"https:\/\/outertune.app\/tr\/\">outertune.app<\/a> (\u201cWeb Sitesi\u201d). Gizlili\u011finiz bizim i\u00e7in \u00f6nemlidir. Bu Gizlilik Politikas\u0131, Web Sitemizi ziyaret etti\u011finizde veya Web Sitemizle etkile\u015fimde bulundu\u011funuzda bilgilerinizi nas\u0131l toplad\u0131\u011f\u0131m\u0131z\u0131, kulland\u0131\u011f\u0131m\u0131z\u0131 ve korudu\u011fumuzu a\u00e7\u0131klamaktad\u0131r.<\/p>\n\n\n\n<p>Bu Web Sitesini kullanarak, bu Gizlilik Politikas\u0131nda belirtilen \u015fartlar\u0131 kabul etmi\u015f olursunuz.<\/p>\n\n\n\n<h2 class=\"wp-block-heading\">Toplad\u0131\u011f\u0131m\u0131z Bilgiler<\/h2>\n\n\n\n<ol class=\"wp-block-list\"><\/ol>\n\n\n\n<p>A\u015fa\u011f\u0131daki bilgi t\u00fcrlerini toplayabiliriz:<\/p>\n\n\n\n<h3 class=\"wp-block-heading\">a) Ki\u015fisel Bilgiler<\/h3>\n\n\n\n<p>G\u00f6n\u00fcll\u00fc olarak a\u015fa\u011f\u0131daki gibi ki\u015fisel bilgiler sa\u011flayabilirsiniz:<\/p>\n\n\n\n<ul class=\"wp-block-list\">\n<li>\u0130sim<\/li>\n\n\n\n<li>E-posta adresi<\/li>\n<\/ul>\n\n\n\n<p>Bu genellikle ileti\u015fim formumuz arac\u0131l\u0131\u011f\u0131yla bizimle ileti\u015fime ge\u00e7ti\u011finizde ger\u00e7ekle\u015fir.<\/p>\n\n\n\n<h3 class=\"wp-block-heading\">b) Ki\u015fisel Olmayan Bilgiler<\/h3>\n\n\n\n<p>A\u015fa\u011f\u0131dakiler de dahil olmak \u00fczere belirli bilgileri otomatik olarak toplayabiliriz:<\/p>\n\n\n\n<ul class=\"wp-block-list\">\n<li>IP adresi<\/li>\n\n\n\n<li>Taray\u0131c\u0131 t\u00fcr\u00fc<\/li>\n\n\n\n<li>Cihaz bilgileri<\/li>\n\n\n\n<li>Ziyaret edilen sayfalar ve Web Sitesinde ge\u00e7irilen s\u00fcre<\/li>\n<\/ul>\n\n\n\n<h2 class=\"wp-block-heading\">Bilgilerinizi Nas\u0131l Kullan\u0131yoruz<\/h2>\n\n\n\n<ol start=\"2\" class=\"wp-block-list\"><\/ol>\n\n\n\n<p>Toplanan bilgileri \u015fu ama\u00e7larla kullan\u0131r\u0131z:<\/p>\n\n\n\n<ul class=\"wp-block-list\">\n<li>Sorular\u0131 ve destek taleplerini yan\u0131tlay\u0131n<\/li>\n\n\n\n<li>Web sitesi i\u00e7eri\u011fini ve kullan\u0131c\u0131 deneyimini iyile\u015ftirme<\/li>\n\n\n\n<li>Web sitesi performans\u0131n\u0131 ve kullan\u0131m\u0131n\u0131 izleme<\/li>\n\n\n\n<li>G\u00fcvenli\u011fi sa\u011flay\u0131n ve k\u00f6t\u00fcye kullan\u0131m\u0131 \u00f6nleyin<\/li>\n<\/ul>\n\n\n\n<h2 class=\"wp-block-heading\">\u00c7erezler ve Web \u0130\u015faret\u00e7ileri<\/h2>\n\n\n\n<ol start=\"3\" class=\"wp-block-list\"><\/ol>\n\n\n\n<p>\u00c7erezleri \u015fu ama\u00e7larla kullan\u0131yoruz:<\/p>\n\n\n\n<ul class=\"wp-block-list\">\n<li>Kullan\u0131c\u0131 tercihlerini saklay\u0131n<\/li>\n\n\n\n<li>Kullan\u0131c\u0131 davran\u0131\u015f\u0131n\u0131 anlama<\/li>\n\n\n\n<li>Web sitesi i\u015flevselli\u011fini geli\u015ftirin<\/li>\n<\/ul>\n\n\n\n<p>\u00c7erezleri taray\u0131c\u0131 ayarlar\u0131n\u0131zdan devre d\u0131\u015f\u0131 b\u0131rakabilirsiniz. Ancak, \u00e7erezler devre d\u0131\u015f\u0131 b\u0131rak\u0131l\u0131rsa Web Sitesinin baz\u0131 b\u00f6l\u00fcmleri d\u00fczg\u00fcn \u00e7al\u0131\u015fmayabilir.<\/p>\n\n\n\n<h2 class=\"wp-block-heading\">Google AdSense Reklamc\u0131l\u0131\u011f\u0131<\/h2>\n\n\n\n<ol start=\"4\" class=\"wp-block-list\"><\/ol>\n\n\n\n<p>Reklamlar\u0131 g\u00f6r\u00fcnt\u00fclemek i\u00e7in Google AdSense hizmetlerini kullanabiliriz.<\/p>\n\n\n\n<p>Bu hizmetler, bu ve di\u011fer web sitelerini ziyaretinize dayal\u0131 reklamlar sunmak i\u00e7in DoubleClick \u00e7erezi de dahil olmak \u00fczere \u00e7erezleri kullanabilir.<\/p>\n\n\n\n<p>Google toplanan verileri \u015fu ama\u00e7larla kullanabilir:<\/p>\n\n\n\n<ul class=\"wp-block-list\">\n<li>Ki\u015fiselle\u015ftirilmi\u015f reklamlar g\u00f6sterin<\/li>\n\n\n\n<li>Reklam performans\u0131n\u0131 \u00f6l\u00e7\u00fcn<\/li>\n\n\n\n<li>Reklam hizmetlerinin iyile\u015ftirilmesi<\/li>\n<\/ul>\n\n\n\n<p>Kullan\u0131c\u0131lar ziyaret ederek ki\u015fiselle\u015ftirilmi\u015f reklamlar\u0131 devre d\u0131\u015f\u0131 b\u0131rakabilir: <a href=\"https:\/\/www.google.com\/settings\/ads\" target=\"_blank\" rel=\"noopener\">https:\/\/www.google.com\/settings\/ads<\/a><\/p>\n\n\n\n<p>\u00dc\u00e7\u00fcnc\u00fc taraf reklamc\u0131lar\u0131n verilerinizi nas\u0131l kulland\u0131\u011f\u0131n\u0131 kontrol etmiyoruz.<\/p>\n\n\n\n<h2 class=\"wp-block-heading\">\u00dc\u00e7\u00fcnc\u00fc Taraf Gizlilik Politikalar\u0131<\/h2>\n\n\n\n<ol start=\"5\" class=\"wp-block-list\"><\/ol>\n\n\n\n<p>outertune.app'in Gizlilik Politikas\u0131 di\u011fer reklamverenler veya web siteleri i\u00e7in ge\u00e7erli de\u011fildir. Daha ayr\u0131nt\u0131l\u0131 bilgi i\u00e7in \u00fc\u00e7\u00fcnc\u00fc taraf hizmetlerinin ilgili Gizlilik Politikalar\u0131na ba\u015fvurman\u0131z\u0131 tavsiye ederiz.<\/p>\n\n\n\n<h2 class=\"wp-block-heading\">Veri Koruma<\/h2>\n\n\n\n<ol start=\"6\" class=\"wp-block-list\"><\/ol>\n\n\n\n<p>Ki\u015fisel bilgilerinizi korumak i\u00e7in makul ad\u0131mlar at\u0131yoruz. Ancak, internet \u00fczerinden hi\u00e7bir iletim y\u00f6ntemi tamamen g\u00fcvenli de\u011fildir ve mutlak g\u00fcvenli\u011fi garanti edemeyiz.<\/p>\n\n\n\n<h2 class=\"wp-block-heading\">Gizlilik Haklar\u0131n\u0131z<\/h2>\n\n\n\n<ol start=\"7\" class=\"wp-block-list\"><\/ol>\n\n\n\n<p>Bulundu\u011funuz yere ba\u011fl\u0131 olarak, a\u015fa\u011f\u0131daki gibi haklara sahip olabilirsiniz:<\/p>\n\n\n\n<ul class=\"wp-block-list\">\n<li>Ki\u015fisel verilerinize eri\u015fim<\/li>\n\n\n\n<li>D\u00fczeltme veya silme talebi<\/li>\n\n\n\n<li>Onay\u0131n geri \u00e7ekilmesi<\/li>\n<\/ul>\n\n\n\n<p>Bu haklar\u0131 kullanmak i\u00e7in a\u015fa\u011f\u0131daki ba\u011flant\u0131y\u0131 kullanarak bizimle ileti\u015fime ge\u00e7in.<\/p>\n\n\n\n<h2 class=\"wp-block-heading\">\u00c7ocuk Bilgileri<\/h2>\n\n\n\n<ol start=\"8\" class=\"wp-block-list\"><\/ol>\n\n\n\n<p>Bilerek 13 ya\u015f\u0131n alt\u0131ndaki \u00e7ocuklardan ki\u015fisel bilgi toplam\u0131yoruz. Bir \u00e7ocu\u011fun ki\u015fisel veri sa\u011flad\u0131\u011f\u0131n\u0131 d\u00fc\u015f\u00fcn\u00fcyorsan\u0131z, l\u00fctfen bizimle ileti\u015fime ge\u00e7in ve derhal kald\u0131raca\u011f\u0131z.<\/p>\n\n\n\n<h2 class=\"wp-block-heading\">Bu Gizlilik Politikas\u0131ndaki G\u00fcncellemeler<\/h2>\n\n\n\n<ol start=\"9\" class=\"wp-block-list\"><\/ol>\n\n\n\n<p>Bu Gizlilik Politikas\u0131n\u0131 zaman zaman g\u00fcncelleyebiliriz. De\u011fi\u015fiklikler, g\u00fcncellenmi\u015f bir Y\u00fcr\u00fcrl\u00fck Tarihi ile birlikte bu sayfada yay\u0131nlanacakt\u0131r.<\/p>\n\n\n\n<h2 class=\"wp-block-heading\">R\u0131za<\/h2>\n\n\n\n<ol start=\"10\" class=\"wp-block-list\"><\/ol>\n\n\n\n<p>Web sitemizi kullanarak Gizlilik Politikam\u0131z\u0131 kabul etmi\u015f ve \u015fartlar\u0131n\u0131 kabul etmi\u015f olursunuz.<\/p>\n\n\n\n<h2 class=\"wp-block-heading\">Bize Ula\u015f\u0131n<\/h2>\n\n\n\n<ol start=\"11\" class=\"wp-block-list\"><\/ol>\n\n\n\n<p>Bu Gizlilik Politikas\u0131 hakk\u0131nda herhangi bir sorunuz varsa, \u015funlar\u0131 yapabilirsiniz <a href=\"https:\/\/outertune.app\/tr\/bize-ulasin\/\">Bize ula\u015f\u0131n<\/a>.<\/p>","protected":false},"excerpt":{"rendered":"<p>outertune.app&#039;e (&quot;Web Sitesi&quot;) ho\u015f geldiniz. Gizlili\u011finiz bizim i\u00e7in \u00f6nemlidir. Bu Gizlilik Politikas\u0131, Web Sitemizi ziyaret etti\u011finizde veya etkile\u015fimde bulundu\u011funuzda bilgilerinizi nas\u0131l toplad\u0131\u011f\u0131m\u0131z\u0131, kulland\u0131\u011f\u0131m\u0131z\u0131 ve korudu\u011fumuzu a\u00e7\u0131klamaktad\u0131r. Bu Web Sitesini kullanarak, bu Gizlilik Politikas\u0131nda belirtilen \u015fartlar\u0131 kabul etmi\u015f olursunuz. Toplad\u0131\u011f\u0131m\u0131z Bilgiler A\u015fa\u011f\u0131daki t\u00fcrde bilgiler toplayabiliriz\u2026<\/p>","protected":false},"author":1,"featured_media":0,"parent":0,"menu_order":0,"comment_status":"closed","ping_status":"open","template":"","meta":{"_kad_blocks_custom_css":"","_kad_blocks_head_custom_js":"","_kad_blocks_body_custom_js":"","_kad_blocks_footer_custom_js":"","_kad_post_transparent":"","_kad_post_title":"","_kad_post_layout":"","_kad_post_sidebar_id":"","_kad_post_content_style":"","_kad_post_vertical_padding":"","_kad_post_feature":"","_kad_post_feature_position":"","_kad_post_header":false,"_kad_post_footer":false,"_kad_post_classname":"","footnotes":""},"class_list":["post-3","page","type-page","status-publish","hentry"],"taxonomy_info":[],"featured_image_src_large":false,"author_info":{"display_name":"Gabbie","author_link":"https:\/\/outertune.app\/tr\/author\/misra9884gmail-com\/"},"comment_info":0,"_links":{"self":[{"href":"https:\/\/outertune.app\/tr\/wp-json\/wp\/v2\/pages\/3","targetHints":{"allow":["GET"]}}],"collection":[{"href":"https:\/\/outertune.app\/tr\/wp-json\/wp\/v2\/pages"}],"about":[{"href":"https:\/\/outertune.app\/tr\/wp-json\/wp\/v2\/types\/page"}],"author":[{"embeddable":true,"href":"https:\/\/outertune.app\/tr\/wp-json\/wp\/v2\/users\/1"}],"replies":[{"embeddable":true,"href":"https:\/\/outertune.app\/tr\/wp-json\/wp\/v2\/comments?post=3"}],"version-history":[{"count":1,"href":"https:\/\/outertune.app\/tr\/wp-json\/wp\/v2\/pages\/3\/revisions"}],"predecessor-version":[{"id":39,"href":"https:\/\/outertune.app\/tr\/wp-json\/wp\/v2\/pages\/3\/revisions\/39"}],"wp:attachment":[{"href":"https:\/\/outertune.app\/tr\/wp-json\/wp\/v2\/media?parent=3"}],"curies":[{"name":"wp","href":"https:\/\/api.w.org\/{rel}","templated":true}]}}