{"id":48,"date":"2026-03-28T10:47:34","date_gmt":"2026-03-28T10:47:34","guid":{"rendered":"https:\/\/outertune.app\/?page_id=48"},"modified":"2026-03-28T10:47:35","modified_gmt":"2026-03-28T10:47:35","slug":"donati","status":"publish","type":"page","link":"https:\/\/outertune.app\/ro\/donati\/","title":{"rendered":"Doneaz\u0103"},"content":{"rendered":"<p>Dac\u0103 a\u021bi citit toate informa\u021biile despre <a href=\"https:\/\/outertune.app\/ro\/\">Outertune<\/a> pe pagina de pornire, atunci trebuie s\u0103 \u0219ti\u021bi c\u0103 <a href=\"https:\/\/outertune.app\/ro\/despre-noi\/\">Davide Garberi<\/a> a f\u0103cut o munc\u0103 excep\u021bional\u0103 \u00een dezvoltarea Outertune \u0219i ar trebui s\u0103 v\u0103 g\u00e2ndi\u021bi s\u0103-l sprijini\u021bi prin donarea oric\u0103rei sume la alegere prin PayPal.<\/p>\n\n\n\n<p>\u0218i nu uita\u021bi s\u0103 evalua\u021bi Outertune Repo pe GitHub \u00eenainte de a sprijini proiectul-<\/p>\n\n\n<style>.wp-block-kadence-advancedbtn.kb-btns48_29a593-16{gap:var(--global-kb-gap-xs, 0.5rem );justify-content:center;align-items:center;}.kt-btns48_29a593-16 .kt-button{font-weight:normal;font-style:normal;}.kt-btns48_29a593-16 .kt-btn-wrap-0{margin-right:5px;}.wp-block-kadence-advancedbtn.kt-btns48_29a593-16 .kt-btn-wrap-0 .kt-button{color:#555555;border-color:#555555;}.wp-block-kadence-advancedbtn.kt-btns48_29a593-16 .kt-btn-wrap-0 .kt-button:hover, .wp-block-kadence-advancedbtn.kt-btns48_29a593-16 .kt-btn-wrap-0 .kt-button:focus{color:#ffffff;border-color:#444444;}.wp-block-kadence-advancedbtn.kt-btns48_29a593-16 .kt-btn-wrap-0 .kt-button::before{display:none;}.wp-block-kadence-advancedbtn.kt-btns48_29a593-16 .kt-btn-wrap-0 .kt-button:hover, .wp-block-kadence-advancedbtn.kt-btns48_29a593-16 .kt-btn-wrap-0 .kt-button:focus{background:#444444;}<\/style>\n<div class=\"wp-block-kadence-advancedbtn kb-buttons-wrap kb-btns48_29a593-16\"><style>ul.menu .wp-block-kadence-advancedbtn .kb-btn48_6395de-28.kb-button{width:initial;}.wp-block-kadence-advancedbtn .kb-btn48_6395de-28.kb-button{background:#ed5564;border-top-left-radius:10px;border-top-right-radius:10px;border-bottom-right-radius:10px;border-bottom-left-radius:10px;border-top:2px solid #070707;border-right:2px solid #070707;border-bottom:2px solid #070707;border-left:2px solid #070707;}.wp-block-kadence-advancedbtn .kb-btn48_6395de-28.kb-button:hover, .wp-block-kadence-advancedbtn .kb-btn48_6395de-28.kb-button:focus{background:#000000;}@media all and (max-width: 1024px){.wp-block-kadence-advancedbtn .kb-btn48_6395de-28.kb-button{border-top:2px solid #070707;border-right:2px solid #070707;border-bottom:2px solid #070707;border-left:2px solid #070707;}}@media all and (max-width: 767px){.wp-block-kadence-advancedbtn .kb-btn48_6395de-28.kb-button{border-top:2px solid #070707;border-right:2px solid #070707;border-bottom:2px solid #070707;border-left:2px solid #070707;}}<\/style><a class=\"kb-button kt-button button kb-btn48_6395de-28 kt-btn-size-standard kt-btn-width-type-auto kb-btn-global-fill  kt-btn-has-text-true kt-btn-has-svg-true  wp-block-kadence-singlebtn\" href=\"https:\/\/www.paypal.com\/paypalme\/DD3Boh\" target=\"_blank\" rel=\"noreferrer noopener nofollow\"><span class=\"kb-svg-icon-wrap kb-svg-icon-fas_donate kt-btn-icon-side-left\"><svg viewbox=\"0 0 512 512\"  fill=\"currentColor\" xmlns=\"http:\/\/www.w3.org\/2000\/svg\"  aria-hidden=\"true\"><path d=\"M256 416c114.9 0 208-93.1 208-208S370.9 0 256 0 48 93.1 48 208s93.1 208 208 208zM233.8 97.4V80.6c0-9.2 7.4-16.6 16.6-16.6h11.1c9.2 0 16.6 7.4 16.6 16.6v17c15.5.8 30.5 6.1 43 15.4 5.6 4.1 6.2 12.3 1.2 17.1L306 145.6c-3.8 3.7-9.5 3.8-14 1-5.4-3.4-11.4-5.1-17.8-5.1h-38.9c-9 0-16.3 8.2-16.3 18.3 0 8.2 5 15.5 12.1 17.6l62.3 18.7c25.7 7.7 43.7 32.4 43.7 60.1 0 34-26.4 61.5-59.1 62.4v16.8c0 9.2-7.4 16.6-16.6 16.6h-11.1c-9.2 0-16.6-7.4-16.6-16.6v-17c-15.5-.8-30.5-6.1-43-15.4-5.6-4.1-6.2-12.3-1.2-17.1l16.3-15.5c3.8-3.7 9.5-3.8 14-1 5.4 3.4 11.4 5.1 17.8 5.1h38.9c9 0 16.3-8.2 16.3-18.3 0-8.2-5-15.5-12.1-17.6l-62.3-18.7c-25.7-7.7-43.7-32.4-43.7-60.1.1-34 26.4-61.5 59.1-62.4zM480 352h-32.5c-19.6 26-44.6 47.7-73 64h63.8c5.3 0 9.6 3.6 9.6 8v16c0 4.4-4.3 8-9.6 8H73.6c-5.3 0-9.6-3.6-9.6-8v-16c0-4.4 4.3-8 9.6-8h63.8c-28.4-16.3-53.3-38-73-64H32c-17.7 0-32 14.3-32 32v96c0 17.7 14.3 32 32 32h448c17.7 0 32-14.3 32-32v-96c0-17.7-14.3-32-32-32z\"\/><\/svg><\/span><span class=\"kt-btn-inner-text\">Sprijini\u021bi-l pe Davide<\/span><\/a><\/div>\n\n\n<style>.wp-block-kadence-advancedbtn.kb-btns48_801178-28{gap:var(--global-kb-gap-xs, 0.5rem );justify-content:center;align-items:center;}.kt-btns48_801178-28 .kt-button{font-weight:normal;font-style:normal;}.kt-btns48_801178-28 .kt-btn-wrap-0{margin-right:5px;}.wp-block-kadence-advancedbtn.kt-btns48_801178-28 .kt-btn-wrap-0 .kt-button{color:#555555;border-color:#555555;}.wp-block-kadence-advancedbtn.kt-btns48_801178-28 .kt-btn-wrap-0 .kt-button:hover, .wp-block-kadence-advancedbtn.kt-btns48_801178-28 .kt-btn-wrap-0 .kt-button:focus{color:#ffffff;border-color:#444444;}.wp-block-kadence-advancedbtn.kt-btns48_801178-28 .kt-btn-wrap-0 .kt-button::before{display:none;}.wp-block-kadence-advancedbtn.kt-btns48_801178-28 .kt-btn-wrap-0 .kt-button:hover, .wp-block-kadence-advancedbtn.kt-btns48_801178-28 .kt-btn-wrap-0 .kt-button:focus{background:#444444;}<\/style>\n<div class=\"wp-block-kadence-advancedbtn kb-buttons-wrap kb-btns48_801178-28\"><style>ul.menu .wp-block-kadence-advancedbtn .kb-btn48_a33fcc-46.kb-button{width:initial;}.wp-block-kadence-advancedbtn .kb-btn48_a33fcc-46.kb-button{background:#ed5564;border-top-left-radius:10px;border-top-right-radius:10px;border-bottom-right-radius:10px;border-bottom-left-radius:10px;border-top:2px solid #070707;border-right:2px solid #070707;border-bottom:2px solid #070707;border-left:2px solid #070707;}.wp-block-kadence-advancedbtn .kb-btn48_a33fcc-46.kb-button:hover, .wp-block-kadence-advancedbtn .kb-btn48_a33fcc-46.kb-button:focus{background:#000000;}@media all and (max-width: 1024px){.wp-block-kadence-advancedbtn .kb-btn48_a33fcc-46.kb-button{border-top:2px solid #070707;border-right:2px solid #070707;border-bottom:2px solid #070707;border-left:2px solid #070707;}}@media all and (max-width: 767px){.wp-block-kadence-advancedbtn .kb-btn48_a33fcc-46.kb-button{border-top:2px solid #070707;border-right:2px solid #070707;border-bottom:2px solid #070707;border-left:2px solid #070707;}}<\/style><a class=\"kb-button kt-button button kb-btn48_a33fcc-46 kt-btn-size-standard kt-btn-width-type-auto kb-btn-global-fill  kt-btn-has-text-true kt-btn-has-svg-true  wp-block-kadence-singlebtn\" href=\"https:\/\/github.com\/OuterTune\/OuterTune\" target=\"_blank\" rel=\"noreferrer noopener nofollow\"><span class=\"kb-svg-icon-wrap kb-svg-icon-fa_github-square kt-btn-icon-side-left\"><svg viewbox=\"0 0 448 512\"  fill=\"currentColor\" xmlns=\"http:\/\/www.w3.org\/2000\/svg\"  aria-hidden=\"true\"><path d=\"M400 32H48C21.5 32 0 53.5 0 80v352c0 26.5 21.5 48 48 48h352c26.5 0 48-21.5 48-48V80c0-26.5-21.5-48-48-48zM277.3 415.7c-8.4 1.5-11.5-3.7-11.5-8 0-5.4.2-33 .2-55.3 0-15.6-5.2-25.5-11.3-30.7 37-4.1 76-9.2 76-73.1 0-18.2-6.5-27.3-17.1-39 1.7-4.3 7.4-22-1.7-45-13.9-4.3-45.7 17.9-45.7 17.9-13.2-3.7-27.5-5.6-41.6-5.6-14.1 0-28.4 1.9-41.6 5.6 0 0-31.8-22.2-45.7-17.9-9.1 22.9-3.5 40.6-1.7 45-10.6 11.7-15.6 20.8-15.6 39 0 63.6 37.3 69 74.3 73.1-4.8 4.3-9.1 11.7-10.6 22.3-9.5 4.3-33.8 11.7-48.3-13.9-9.1-15.8-25.5-17.1-25.5-17.1-16.2-.2-1.1 10.2-1.1 10.2 10.8 5 18.4 24.2 18.4 24.2 9.7 29.7 56.1 19.7 56.1 19.7 0 13.9.2 36.5.2 40.6 0 4.3-3 9.5-11.5 8-66-22.1-112.2-84.9-112.2-158.3 0-91.8 70.2-161.5 162-161.5S388 165.6 388 257.4c.1 73.4-44.7 136.3-110.7 158.3zm-98.1-61.1c-1.9.4-3.7-.4-3.9-1.7-.2-1.5 1.1-2.8 3-3.2 1.9-.2 3.7.6 3.9 1.9.3 1.3-1 2.6-3 3zm-9.5-.9c0 1.3-1.5 2.4-3.5 2.4-2.2.2-3.7-.9-3.7-2.4 0-1.3 1.5-2.4 3.5-2.4 1.9-.2 3.7.9 3.7 2.4zm-13.7-1.1c-.4 1.3-2.4 1.9-4.1 1.3-1.9-.4-3.2-1.9-2.8-3.2.4-1.3 2.4-1.9 4.1-1.5 2 .6 3.3 2.1 2.8 3.4zm-12.3-5.4c-.9 1.1-2.8.9-4.3-.6-1.5-1.3-1.9-3.2-.9-4.1.9-1.1 2.8-.9 4.3.6 1.3 1.3 1.8 3.3.9 4.1zm-9.1-9.1c-.9.6-2.6 0-3.7-1.5s-1.1-3.2 0-3.9c1.1-.9 2.8-.2 3.7 1.3 1.1 1.5 1.1 3.3 0 4.1zm-6.5-9.7c-.9.9-2.4.4-3.5-.6-1.1-1.3-1.3-2.8-.4-3.5.9-.9 2.4-.4 3.5.6 1.1 1.3 1.3 2.8.4 3.5zm-6.7-7.4c-.4.9-1.7 1.1-2.8.4-1.3-.6-1.9-1.7-1.5-2.6.4-.6 1.5-.9 2.8-.4 1.3.7 1.9 1.8 1.5 2.6z\"\/><\/svg><\/span><span class=\"kt-btn-inner-text\">GitHub Repo<\/span><\/a><\/div>","protected":false},"excerpt":{"rendered":"<p>Dac\u0103 a\u021bi citit toate informa\u021biile despre Outertune de pe pagina principal\u0103, atunci trebuie s\u0103 \u0219ti\u021bi c\u0103 Davide Garberi a depus o munc\u0103 excep\u021bional\u0103 \u00een dezvoltarea Outertune \u0219i ar trebui s\u0103 lua\u021bi \u00een considerare s\u0103-l sus\u021bine\u021bi don\u00e2nd orice sum\u0103 dori\u021bi prin PayPal. \u0218i nu uita\u021bi s\u0103 evalua\u021bi Depozitul Outertune pe GitHub \u00eenainte de a sus\u021bine...<\/p>","protected":false},"author":1,"featured_media":0,"parent":0,"menu_order":0,"comment_status":"closed","ping_status":"closed","template":"","meta":{"_kad_blocks_custom_css":"","_kad_blocks_head_custom_js":"","_kad_blocks_body_custom_js":"","_kad_blocks_footer_custom_js":"","_kad_post_transparent":"","_kad_post_title":"","_kad_post_layout":"","_kad_post_sidebar_id":"","_kad_post_content_style":"","_kad_post_vertical_padding":"","_kad_post_feature":"","_kad_post_feature_position":"","_kad_post_header":false,"_kad_post_footer":false,"_kad_post_classname":"","footnotes":""},"class_list":["post-48","page","type-page","status-publish","hentry"],"taxonomy_info":[],"featured_image_src_large":false,"author_info":{"display_name":"Gabbie","author_link":"https:\/\/outertune.app\/ro\/author\/misra9884gmail-com\/"},"comment_info":0,"_links":{"self":[{"href":"https:\/\/outertune.app\/ro\/wp-json\/wp\/v2\/pages\/48","targetHints":{"allow":["GET"]}}],"collection":[{"href":"https:\/\/outertune.app\/ro\/wp-json\/wp\/v2\/pages"}],"about":[{"href":"https:\/\/outertune.app\/ro\/wp-json\/wp\/v2\/types\/page"}],"author":[{"embeddable":true,"href":"https:\/\/outertune.app\/ro\/wp-json\/wp\/v2\/users\/1"}],"replies":[{"embeddable":true,"href":"https:\/\/outertune.app\/ro\/wp-json\/wp\/v2\/comments?post=48"}],"version-history":[{"count":1,"href":"https:\/\/outertune.app\/ro\/wp-json\/wp\/v2\/pages\/48\/revisions"}],"predecessor-version":[{"id":49,"href":"https:\/\/outertune.app\/ro\/wp-json\/wp\/v2\/pages\/48\/revisions\/49"}],"wp:attachment":[{"href":"https:\/\/outertune.app\/ro\/wp-json\/wp\/v2\/media?parent=48"}],"curies":[{"name":"wp","href":"https:\/\/api.w.org\/{rel}","templated":true}]}}