{"id":46,"date":"2026-03-28T10:41:49","date_gmt":"2026-03-28T10:41:49","guid":{"rendered":"https:\/\/outertune.app\/?page_id=46"},"modified":"2026-03-28T10:41:50","modified_gmt":"2026-03-28T10:41:50","slug":"conformitatea-dmca","status":"publish","type":"page","link":"https:\/\/outertune.app\/ro\/conformitatea-dmca\/","title":{"rendered":"Conformitatea DMCA"},"content":{"rendered":"<p>La <a href=\"https:\/\/outertune.app\/ro\/\">outertune.app<\/a> (denumit \u00een continuare \u201csite-ul web\u201d), respect\u0103m drepturile de proprietate intelectual\u0103 ale altora \u0219i ne a\u0219tept\u0103m ca utilizatorii \u0219i colaboratorii s\u0103 fac\u0103 acela\u0219i lucru. Aceast\u0103 politic\u0103 de conformitate cu DMCA descrie modul \u00een care trat\u0103m reclama\u021biile privind \u00eenc\u0103lcarea drepturilor de autor \u00een conformitate cu legile aplicabile privind drepturile de autor.<\/p>\n\n\n\n<h2 class=\"wp-block-heading\">Raportarea \u00eenc\u0103lc\u0103rii drepturilor de autor<\/h2>\n\n\n\n<ol class=\"wp-block-list\"><\/ol>\n\n\n\n<p>Dac\u0103 crede\u021bi c\u0103 orice con\u021binut de pe acest site v\u0103 \u00eencalc\u0103 drepturile de autor, pute\u021bi trimite o notificare scris\u0103 care s\u0103 includ\u0103 urm\u0103toarele detalii:<\/p>\n\n\n\n<ul class=\"wp-block-list\">\n<li>Semn\u0103tura dumneavoastr\u0103 fizic\u0103 sau electronic\u0103.<\/li>\n\n\n\n<li>Identificarea operei protejate de drepturi de autor despre care afirma\u021bi c\u0103 a fost \u00eenc\u0103lcat\u0103.<\/li>\n\n\n\n<li>Identificarea materialului despre care se pretinde c\u0103 \u00eencalc\u0103 drepturile de autor, inclusiv loca\u021bia sa exact\u0103 (URL) pe site.<\/li>\n\n\n\n<li>Informa\u021biile dvs. de contact, inclusiv numele complet, adresa, num\u0103rul de telefon \u0219i adresa de e-mail.<\/li>\n\n\n\n<li>O declara\u021bie conform c\u0103reia crede\u021bi cu bun\u0103-credin\u021b\u0103 c\u0103 utilizarea materialului nu este autorizat\u0103 de de\u021bin\u0103torul drepturilor de autor, de agentul acestuia sau de lege.<\/li>\n\n\n\n<li>O declara\u021bie, sub sanc\u021biunea sperjurului, c\u0103 informa\u021biile furnizate sunt corecte \u0219i c\u0103 sunte\u021bi titularul drepturilor de autor sau autorizat s\u0103 ac\u021biona\u021bi \u00een numele acestuia.<\/li>\n<\/ul>\n\n\n\n<p>Pute\u021bi trimite notificarea dvs. DMCA prin intermediul nostru <a href=\"https:\/\/outertune.app\/ro\/contactati-ne\/\">Pagina de contact<\/a>.<\/p>\n\n\n\n<h2 class=\"wp-block-heading\">Ac\u021biuni la primirea unei notific\u0103ri<\/h2>\n\n\n\n<ol start=\"2\" class=\"wp-block-list\"><\/ol>\n\n\n\n<p>La primirea unei notific\u0103ri valabile privind \u00eenc\u0103lcarea drepturilor de autor, vom:<\/p>\n\n\n\n<ul class=\"wp-block-list\">\n<li>Analizeaz\u0103 pl\u00e2ngerea cu promptitudine<\/li>\n\n\n\n<li>\u00cendep\u0103rtarea sau dezactivarea accesului la materialul presupus a fi \u00eenc\u0103lcat<\/li>\n\n\n\n<li>Notifica\u021bi utilizatorul responsabil pentru con\u021binut, dac\u0103 este cazul<\/li>\n<\/ul>\n\n\n\n<h2 class=\"wp-block-heading\">Contra-notificare<\/h2>\n\n\n\n<ol start=\"3\" class=\"wp-block-list\"><\/ol>\n\n\n\n<p>Dac\u0103 crede\u021bi c\u0103 con\u021binutul dvs. a fost eliminat sau dezactivat din gre\u0219eal\u0103 sau prin identificare eronat\u0103, pute\u021bi trimite o contra-notificare care s\u0103 includ\u0103:<\/p>\n\n\n\n<ul class=\"wp-block-list\">\n<li>Semn\u0103tura dumneavoastr\u0103 fizic\u0103 sau electronic\u0103.<\/li>\n\n\n\n<li>Identificarea materialului care a fost \u00eendep\u0103rtat \u0219i a locului \u00een care acesta ap\u0103rea \u00eenainte de \u00eendep\u0103rtare.<\/li>\n\n\n\n<li>O declara\u021bie sub sanc\u021biunea sperjurului c\u0103 ave\u021bi convingerea de bun\u0103 credin\u021b\u0103 c\u0103 materialul a fost eliminat din cauza unei gre\u0219eli sau a unei identific\u0103ri gre\u0219ite.<\/li>\n\n\n\n<li>Numele, adresa, num\u0103rul de telefon \u0219i adresa dvs. de e-mail.<\/li>\n\n\n\n<li>O declara\u021bie prin care v\u0103 declara\u021bi de acord cu jurisdic\u021bia instan\u021belor competente \u0219i sunte\u021bi de acord s\u0103 accepta\u021bi citarea persoanei care a depus pl\u00e2ngerea ini\u021bial\u0103.<\/li>\n<\/ul>\n\n\n\n<p>Contra-notific\u0103rile ar trebui, de asemenea, s\u0103 fie transmise prin intermediul nostru <a href=\"https:\/\/outertune.app\/ro\/contactati-ne\/\">Pagina de contact<\/a>.<\/p>\n\n\n\n<h2 class=\"wp-block-heading\">Infrac\u021biuni repetate<\/h2>\n\n\n\n<ol start=\"4\" class=\"wp-block-list\"><\/ol>\n\n\n\n<p>Ne rezerv\u0103m dreptul de a suspenda sau de a rezilia accesul la site pentru utilizatorii care \u00eencalc\u0103 \u00een mod repetat drepturile de autor sau drepturile de proprietate intelectual\u0103.<\/p>\n\n\n\n<h2 class=\"wp-block-heading\">Utilizarea abuziv\u0103 a procesului DMCA<\/h2>\n\n\n\n<ol start=\"5\" class=\"wp-block-list\"><\/ol>\n\n\n\n<p>Depunerea de cereri false sau \u00een\u0219el\u0103toare poate avea consecin\u021be juridice. \u00cencuraj\u0103m toate p\u0103r\u021bile s\u0103 se asigure c\u0103 declara\u021biile lor sunt corecte \u0219i f\u0103cute cu bun\u0103 credin\u021b\u0103.<\/p>\n\n\n\n<h2 class=\"wp-block-heading\">Modific\u0103ri ale prezentei politici<\/h2>\n\n\n\n<ol start=\"6\" class=\"wp-block-list\"><\/ol>\n\n\n\n<p>Putem actualiza aceast\u0103 Politic\u0103 de conformitate cu DMCA \u00een orice moment. Orice modific\u0103ri vor fi postate pe aceast\u0103 pagin\u0103 cu o dat\u0103 efectiv\u0103 actualizat\u0103.<\/p>\n\n\n\n<h2 class=\"wp-block-heading\">Contacta\u021bi-ne<\/h2>\n\n\n\n<ol start=\"7\" class=\"wp-block-list\"><\/ol>\n\n\n\n<p>Dac\u0103 ave\u021bi \u00eentreb\u0103ri cu privire la aceast\u0103 Politic\u0103 de conformitate DMCA, pute\u021bi <a href=\"https:\/\/outertune.app\/ro\/contactati-ne\/\">contacta\u021bi-ne<\/a>.<\/p>","protected":false},"excerpt":{"rendered":"<p>Pe outterune.app (\u201cSite-ul web\u201d), respect\u0103m drepturile de proprietate intelectual\u0103 ale celorlal\u021bi \u0219i a\u0219tept\u0103m ca utilizatorii \u0219i contribuitorii s\u0103 fac\u0103 acela\u0219i lucru. Aceast\u0103 Politic\u0103 de conformitate DMCA descrie modul \u00een care gestion\u0103m reclama\u021biile privind \u00eenc\u0103lcarea drepturilor de autor \u00een conformitate cu legile aplicabile privind drepturile de autor. Raportarea \u00eenc\u0103lc\u0103rii drepturilor de autor Dac\u0103 considera\u021bi c\u0103 orice con\u021binut de pe acest site web v\u0103 \u00eencalc\u0103 drepturile de autor, pute\u021bi\u2026<\/p>","protected":false},"author":1,"featured_media":0,"parent":0,"menu_order":0,"comment_status":"closed","ping_status":"closed","template":"","meta":{"_kad_blocks_custom_css":"","_kad_blocks_head_custom_js":"","_kad_blocks_body_custom_js":"","_kad_blocks_footer_custom_js":"","_kad_post_transparent":"","_kad_post_title":"","_kad_post_layout":"","_kad_post_sidebar_id":"","_kad_post_content_style":"","_kad_post_vertical_padding":"","_kad_post_feature":"","_kad_post_feature_position":"","_kad_post_header":false,"_kad_post_footer":false,"_kad_post_classname":"","footnotes":""},"class_list":["post-46","page","type-page","status-publish","hentry"],"taxonomy_info":[],"featured_image_src_large":false,"author_info":{"display_name":"Gabbie","author_link":"https:\/\/outertune.app\/ro\/author\/misra9884gmail-com\/"},"comment_info":0,"_links":{"self":[{"href":"https:\/\/outertune.app\/ro\/wp-json\/wp\/v2\/pages\/46","targetHints":{"allow":["GET"]}}],"collection":[{"href":"https:\/\/outertune.app\/ro\/wp-json\/wp\/v2\/pages"}],"about":[{"href":"https:\/\/outertune.app\/ro\/wp-json\/wp\/v2\/types\/page"}],"author":[{"embeddable":true,"href":"https:\/\/outertune.app\/ro\/wp-json\/wp\/v2\/users\/1"}],"replies":[{"embeddable":true,"href":"https:\/\/outertune.app\/ro\/wp-json\/wp\/v2\/comments?post=46"}],"version-history":[{"count":1,"href":"https:\/\/outertune.app\/ro\/wp-json\/wp\/v2\/pages\/46\/revisions"}],"predecessor-version":[{"id":47,"href":"https:\/\/outertune.app\/ro\/wp-json\/wp\/v2\/pages\/46\/revisions\/47"}],"wp:attachment":[{"href":"https:\/\/outertune.app\/ro\/wp-json\/wp\/v2\/media?parent=46"}],"curies":[{"name":"wp","href":"https:\/\/api.w.org\/{rel}","templated":true}]}}