{"id":40,"date":"2026-03-28T10:33:46","date_gmt":"2026-03-28T10:33:46","guid":{"rendered":"https:\/\/outertune.app\/?page_id=40"},"modified":"2026-03-28T10:33:47","modified_gmt":"2026-03-28T10:33:47","slug":"declinare-de-responsabilitate","status":"publish","type":"page","link":"https:\/\/outertune.app\/ro\/declinare-de-responsabilitate\/","title":{"rendered":"Disclaimer"},"content":{"rendered":"<p>Bine a\u021bi venit la <a href=\"https:\/\/outertune.app\/ro\/\">outertune.app<\/a> (\u201cSite-ul web\u201d). Informa\u021biile furnizate pe acest site web sunt doar \u00een scop informativ general \u0219i educa\u021bional. Prin utilizarea acestui site web, sunte\u021bi de acord cu aceast\u0103 declinare a responsabilit\u0103\u021bii.<\/p>\n\n\n\n<h2 class=\"wp-block-heading\">Informa\u021bii generale<\/h2>\n\n\n\n<ol class=\"wp-block-list\"><\/ol>\n\n\n\n<p>Tot con\u021binutul publicat pe acest site web este furnizat cu bun\u0103-credin\u021b\u0103 \u0219i pentru informa\u021bii generale legate de aplica\u021bia Outertune. De\u0219i ne str\u0103duim s\u0103 men\u021binem informa\u021biile corecte \u0219i actualizate, nu oferim nicio garan\u021bie cu privire la caracterul complet, fiabilitate sau acurate\u021be.<\/p>\n\n\n\n<p>Orice ac\u021biune pe care o \u00eentreprinde\u021bi pe baza informa\u021biilor g\u0103site pe acest site web este strict pe propriul dumneavoastr\u0103 risc.<\/p>\n\n\n\n<h2 class=\"wp-block-heading\">F\u0103r\u0103 sfaturi profesionale<\/h2>\n\n\n\n<ol start=\"2\" class=\"wp-block-list\"><\/ol>\n\n\n\n<p>Con\u021binutul acestui site web nu constituie consultan\u021b\u0103 profesional\u0103, tehnic\u0103 sau juridic\u0103. Utilizatorii ar trebui s\u0103 verifice independent orice informa\u021bie \u00eenainte de a se baza pe ea.<\/p>\n\n\n\n<h2 class=\"wp-block-heading\">Declinarea responsabilit\u0103\u021bii privind linkurile externe<\/h2>\n\n\n\n<ol start=\"3\" class=\"wp-block-list\"><\/ol>\n\n\n\n<p>Acest site web poate con\u021bine link-uri c\u0103tre site-uri web sau servicii ale unor ter\u021be p\u0103r\u021bi pentru informa\u021bii suplimentare sau pentru confortul dumneavoastr\u0103.<\/p>\n\n\n\n<p>Nu control\u0103m \u0219i nu ne asum\u0103m responsabilitatea pentru con\u021binutul, acurate\u021bea sau practicile niciunui site web extern. Vizitarea acestor linkuri se face la discre\u021bia \u0219i pe propriul risc.<\/p>\n\n\n\n<h2 class=\"wp-block-heading\">Declinarea responsabilit\u0103\u021bii Google AdSense<\/h2>\n\n\n\n<ol start=\"4\" class=\"wp-block-list\"><\/ol>\n\n\n\n<p>Acest site web poate afi\u0219a reclame prin intermediul re\u021belelor de publicitate ter\u021be, cum ar fi Google AdSense.<\/p>\n\n\n\n<ul class=\"wp-block-list\">\n<li>Aceste reclame pot utiliza cookie-uri \u0219i tehnologii de urm\u0103rire pentru a afi\u0219a reclame relevante.<\/li>\n\n\n\n<li>Nu control\u0103m con\u021binutul acestor reclame.<\/li>\n\n\n\n<li>Dac\u0103 da\u021bi clic pe reclame ter\u021be, ve\u021bi fi redirec\u021bionat c\u0103tre site-uri web externe, iar noi nu suntem responsabili pentru con\u021binutul sau practicile lor de confiden\u021bialitate.<\/li>\n<\/ul>\n\n\n\n<h2 class=\"wp-block-heading\">Limitarea r\u0103spunderii<\/h2>\n\n\n\n<ol start=\"5\" class=\"wp-block-list\"><\/ol>\n\n\n\n<p>\u00cen nicio circumstan\u021b\u0103 outterune.app, proprietarul s\u0103u sau contribuitorii nu vor fi r\u0103spunz\u0103tori pentru daune directe, indirecte, incidentale sau consecutive care decurg din:<\/p>\n\n\n\n<ul class=\"wp-block-list\">\n<li>Utilizarea site-ului web<\/li>\n\n\n\n<li>Bazarea pe orice informa\u021bie furnizat\u0103<\/li>\n\n\n\n<li>Interac\u021biunea cu linkuri sau reclame de la ter\u021bi<\/li>\n<\/ul>\n\n\n\n<h2 class=\"wp-block-heading\">Consim\u021b\u0103m\u00e2nt<\/h2>\n\n\n\n<ol start=\"6\" class=\"wp-block-list\"><\/ol>\n\n\n\n<p>Prin utilizarea site-ului nostru web, sunte\u021bi de acord cu aceast\u0103 Declara\u021bie de Exonerare de Responsabilitate \u0219i sunte\u021bi de acord cu termenii acesteia.<\/p>\n\n\n\n<h2 class=\"wp-block-heading\">Actualiz\u0103ri<\/h2>\n\n\n\n<ol start=\"7\" class=\"wp-block-list\"><\/ol>\n\n\n\n<p>Putem actualiza aceast\u0103 Declara\u021bie de Exonerare de Responsabilitate \u00een orice moment, f\u0103r\u0103 notificare prealabil\u0103. Orice modificare va fi publicat\u0103 pe aceast\u0103 pagin\u0103 cu Data de intrare \u00een vigoare actualizat\u0103.<\/p>\n\n\n\n<h2 class=\"wp-block-heading\">Contacta\u021bi-ne<\/h2>\n\n\n\n<ol start=\"8\" class=\"wp-block-list\"><\/ol>\n\n\n\n<p>Dac\u0103 ave\u021bi \u00eentreb\u0103ri cu privire la aceast\u0103 Declinare de Responsabilitate, pute\u021bi <a href=\"https:\/\/outertune.app\/ro\/contactati-ne\/\">contacta\u021bi-ne<\/a>.<\/p>","protected":false},"excerpt":{"rendered":"<p>Bun venit pe ourtune.app (\u201cSite-ul web\u201d). Informa\u021biile furnizate pe acest site web sunt doar \u00een scop informativ \u0219i educa\u021bional general. Prin utilizarea acestui site web, sunte\u021bi de acord cu aceast\u0103 declinare a responsabilit\u0103\u021bii. Informa\u021bii generale \u00centregul con\u021binut publicat pe acest site web este furnizat cu bun\u0103-credin\u021b\u0103 \u0219i pentru informa\u021bii generale legate de aplica\u021bia Outertune. De\u0219i ne str\u0103duim s\u0103 p\u0103str\u0103m...<\/p>","protected":false},"author":1,"featured_media":0,"parent":0,"menu_order":0,"comment_status":"closed","ping_status":"closed","template":"","meta":{"_kad_blocks_custom_css":"","_kad_blocks_head_custom_js":"","_kad_blocks_body_custom_js":"","_kad_blocks_footer_custom_js":"","_kad_post_transparent":"","_kad_post_title":"","_kad_post_layout":"","_kad_post_sidebar_id":"","_kad_post_content_style":"","_kad_post_vertical_padding":"","_kad_post_feature":"","_kad_post_feature_position":"","_kad_post_header":false,"_kad_post_footer":false,"_kad_post_classname":"","footnotes":""},"class_list":["post-40","page","type-page","status-publish","hentry"],"taxonomy_info":[],"featured_image_src_large":false,"author_info":{"display_name":"Gabbie","author_link":"https:\/\/outertune.app\/ro\/author\/misra9884gmail-com\/"},"comment_info":0,"_links":{"self":[{"href":"https:\/\/outertune.app\/ro\/wp-json\/wp\/v2\/pages\/40","targetHints":{"allow":["GET"]}}],"collection":[{"href":"https:\/\/outertune.app\/ro\/wp-json\/wp\/v2\/pages"}],"about":[{"href":"https:\/\/outertune.app\/ro\/wp-json\/wp\/v2\/types\/page"}],"author":[{"embeddable":true,"href":"https:\/\/outertune.app\/ro\/wp-json\/wp\/v2\/users\/1"}],"replies":[{"embeddable":true,"href":"https:\/\/outertune.app\/ro\/wp-json\/wp\/v2\/comments?post=40"}],"version-history":[{"count":1,"href":"https:\/\/outertune.app\/ro\/wp-json\/wp\/v2\/pages\/40\/revisions"}],"predecessor-version":[{"id":41,"href":"https:\/\/outertune.app\/ro\/wp-json\/wp\/v2\/pages\/40\/revisions\/41"}],"wp:attachment":[{"href":"https:\/\/outertune.app\/ro\/wp-json\/wp\/v2\/media?parent=40"}],"curies":[{"name":"wp","href":"https:\/\/api.w.org\/{rel}","templated":true}]}}