{"id":46,"date":"2026-03-28T10:41:49","date_gmt":"2026-03-28T10:41:49","guid":{"rendered":"https:\/\/outertune.app\/?page_id=46"},"modified":"2026-03-28T10:41:50","modified_gmt":"2026-03-28T10:41:50","slug":"conformita-dmca","status":"publish","type":"page","link":"https:\/\/outertune.app\/it\/conformita-dmca\/","title":{"rendered":"Conformit\u00e0 al DMCA"},"content":{"rendered":"<p>A <a href=\"https:\/\/outertune.app\/it\/\">outertune.app<\/a> (il &quot;Sito Web&quot;), rispettiamo i diritti di propriet\u00e0 intellettuale altrui e ci aspettiamo che utenti e collaboratori facciano lo stesso. La presente Politica di conformit\u00e0 al DMCA descrive come gestiamo le segnalazioni di violazione del copyright in conformit\u00e0 con le leggi sul copyright applicabili.<\/p>\n\n\n\n<h2 class=\"wp-block-heading\">Segnalazione di violazione del copyright<\/h2>\n\n\n\n<ol class=\"wp-block-list\"><\/ol>\n\n\n\n<p>Se ritieni che qualsiasi contenuto presente su questo sito web violi il tuo diritto d&#039;autore, puoi inviare una notifica scritta includendo i seguenti dettagli:<\/p>\n\n\n\n<ul class=\"wp-block-list\">\n<li>La tua firma fisica o elettronica.<\/li>\n\n\n\n<li>Identificazione dell&#039;opera protetta da copyright che, a vostro avviso, \u00e8 stata violata.<\/li>\n\n\n\n<li>Identificazione del materiale che si presume violi il diritto d&#039;autore, inclusa la sua esatta posizione (URL) sul sito web.<\/li>\n\n\n\n<li>I tuoi dati di contatto, inclusi nome e cognome, indirizzo, numero di telefono e indirizzo email.<\/li>\n\n\n\n<li>Una dichiarazione in cui si afferma di credere in buona fede che l&#039;utilizzo del materiale non sia autorizzato dal titolare del copyright, dal suo agente o dalla legge.<\/li>\n\n\n\n<li>Una dichiarazione, resa sotto pena di spergiuro, che le informazioni fornite sono accurate e che sei il titolare del copyright o autorizzato ad agire per suo conto.<\/li>\n<\/ul>\n\n\n\n<p>Puoi inviare la tua notifica DMCA tramite il nostro <a href=\"https:\/\/outertune.app\/it\/contattaci\/\">Pagina dei contatti<\/a>.<\/p>\n\n\n\n<h2 class=\"wp-block-heading\">Azioni da intraprendere dopo aver ricevuto una notifica<\/h2>\n\n\n\n<ol start=\"2\" class=\"wp-block-list\"><\/ol>\n\n\n\n<p>Una volta ricevuta una notifica valida di violazione del copyright, provvederemo a:<\/p>\n\n\n\n<ul class=\"wp-block-list\">\n<li>Esaminare tempestivamente il reclamo<\/li>\n\n\n\n<li>Rimuovere o disabilitare l&#039;accesso al materiale presumibilmente lesivo del diritto d&#039;autore<\/li>\n\n\n\n<li>Se necessario, avvisare l&#039;utente responsabile del contenuto.<\/li>\n<\/ul>\n\n\n\n<h2 class=\"wp-block-heading\">Contro-notifica<\/h2>\n\n\n\n<ol start=\"3\" class=\"wp-block-list\"><\/ol>\n\n\n\n<p>Se ritieni che i tuoi contenuti siano stati rimossi o disabilitati per errore o a causa di un&#039;errata identificazione, puoi inviare una contro-notifica che includa:<\/p>\n\n\n\n<ul class=\"wp-block-list\">\n<li>La tua firma fisica o elettronica.<\/li>\n\n\n\n<li>Identificazione del materiale rimosso e indicazione del luogo in cui si trovava prima della rimozione.<\/li>\n\n\n\n<li>Una dichiarazione resa sotto pena di spergiuro, in cui si afferma di credere in buona fede che il materiale sia stato rimosso per errore o a causa di un&#039;errata identificazione.<\/li>\n\n\n\n<li>Il tuo nome, indirizzo, numero di telefono e indirizzo email.<\/li>\n\n\n\n<li>Una dichiarazione in cui si acconsente alla giurisdizione dei tribunali competenti e si accetta di ricevere la notifica degli atti giudiziari dalla persona che ha presentato la denuncia iniziale.<\/li>\n<\/ul>\n\n\n\n<p>Le contro-notifiche devono essere inviate anche tramite il nostro <a href=\"https:\/\/outertune.app\/it\/contattaci\/\">Pagina dei contatti<\/a>.<\/p>\n\n\n\n<h2 class=\"wp-block-heading\">Ripetizione delle violazioni<\/h2>\n\n\n\n<ol start=\"4\" class=\"wp-block-list\"><\/ol>\n\n\n\n<p>Ci riserviamo il diritto di sospendere o interrompere l&#039;accesso al Sito web agli utenti che violino ripetutamente il diritto d&#039;autore o i diritti di propriet\u00e0 intellettuale.<\/p>\n\n\n\n<h2 class=\"wp-block-heading\">Abuso della procedura DMCA<\/h2>\n\n\n\n<ol start=\"5\" class=\"wp-block-list\"><\/ol>\n\n\n\n<p>La presentazione di dichiarazioni false o fuorvianti pu\u00f2 comportare conseguenze legali. Invitiamo tutte le parti a garantire che le proprie dichiarazioni siano accurate e presentate in buona fede.<\/p>\n\n\n\n<h2 class=\"wp-block-heading\">Modifiche alla presente informativa<\/h2>\n\n\n\n<ol start=\"6\" class=\"wp-block-list\"><\/ol>\n\n\n\n<p>Potremmo aggiornare la presente Informativa sulla conformit\u00e0 al DMCA in qualsiasi momento. Eventuali modifiche verranno pubblicate su questa pagina con una data di entrata in vigore aggiornata.<\/p>\n\n\n\n<h2 class=\"wp-block-heading\">Contattaci<\/h2>\n\n\n\n<ol start=\"7\" class=\"wp-block-list\"><\/ol>\n\n\n\n<p>Se hai domande in merito alla presente Informativa sulla conformit\u00e0 DMCA, puoi <a href=\"https:\/\/outertune.app\/it\/contattaci\/\">contattaci<\/a>.<\/p>","protected":false},"excerpt":{"rendered":"<p>Su outertune.app (il &quot;Sito Web&quot;) rispettiamo i diritti di propriet\u00e0 intellettuale altrui e ci aspettiamo che utenti e collaboratori facciano lo stesso. La presente Informativa sulla conformit\u00e0 al DMCA descrive come gestiamo le segnalazioni di violazione del copyright in conformit\u00e0 con le leggi sul copyright applicabili. Segnalazione di violazione del copyright Se ritieni che qualsiasi contenuto presente su questo Sito Web violi il tuo copyright, puoi\u2026<\/p>","protected":false},"author":1,"featured_media":0,"parent":0,"menu_order":0,"comment_status":"closed","ping_status":"closed","template":"","meta":{"_kad_blocks_custom_css":"","_kad_blocks_head_custom_js":"","_kad_blocks_body_custom_js":"","_kad_blocks_footer_custom_js":"","_kad_post_transparent":"","_kad_post_title":"","_kad_post_layout":"","_kad_post_sidebar_id":"","_kad_post_content_style":"","_kad_post_vertical_padding":"","_kad_post_feature":"","_kad_post_feature_position":"","_kad_post_header":false,"_kad_post_footer":false,"_kad_post_classname":"","footnotes":""},"class_list":["post-46","page","type-page","status-publish","hentry"],"taxonomy_info":[],"featured_image_src_large":false,"author_info":{"display_name":"Gabbie","author_link":"https:\/\/outertune.app\/it\/author\/misra9884gmail-com\/"},"comment_info":0,"_links":{"self":[{"href":"https:\/\/outertune.app\/it\/wp-json\/wp\/v2\/pages\/46","targetHints":{"allow":["GET"]}}],"collection":[{"href":"https:\/\/outertune.app\/it\/wp-json\/wp\/v2\/pages"}],"about":[{"href":"https:\/\/outertune.app\/it\/wp-json\/wp\/v2\/types\/page"}],"author":[{"embeddable":true,"href":"https:\/\/outertune.app\/it\/wp-json\/wp\/v2\/users\/1"}],"replies":[{"embeddable":true,"href":"https:\/\/outertune.app\/it\/wp-json\/wp\/v2\/comments?post=46"}],"version-history":[{"count":1,"href":"https:\/\/outertune.app\/it\/wp-json\/wp\/v2\/pages\/46\/revisions"}],"predecessor-version":[{"id":47,"href":"https:\/\/outertune.app\/it\/wp-json\/wp\/v2\/pages\/46\/revisions\/47"}],"wp:attachment":[{"href":"https:\/\/outertune.app\/it\/wp-json\/wp\/v2\/media?parent=46"}],"curies":[{"name":"wp","href":"https:\/\/api.w.org\/{rel}","templated":true}]}}