{"id":46,"date":"2026-03-28T10:41:49","date_gmt":"2026-03-28T10:41:49","guid":{"rendered":"https:\/\/outertune.app\/?page_id=46"},"modified":"2026-03-28T10:41:50","modified_gmt":"2026-03-28T10:41:50","slug":"conformite-avec-la-dmca","status":"publish","type":"page","link":"https:\/\/outertune.app\/fr\/conformite-avec-la-dmca\/","title":{"rendered":"Conformit\u00e9 au DMCA"},"content":{"rendered":"<p>Au <a href=\"https:\/\/outertune.app\/fr\/\">outertune.app<\/a> (le \u201csite web\u201d), nous respectons les droits de propri\u00e9t\u00e9 intellectuelle d'autrui et attendons des utilisateurs et des contributeurs qu'ils fassent de m\u00eame. La pr\u00e9sente politique de conformit\u00e9 DMCA d\u00e9crit la mani\u00e8re dont nous traitons les plaintes pour violation des droits d'auteur conform\u00e9ment aux lois applicables en mati\u00e8re de droits d'auteur.<\/p>\n\n\n\n<h2 class=\"wp-block-heading\">Signaler une violation des droits d'auteur<\/h2>\n\n\n\n<ol class=\"wp-block-list\"><\/ol>\n\n\n\n<p>Si vous estimez qu'un contenu de ce site Internet porte atteinte \u00e0 vos droits d'auteur, vous pouvez envoyer une notification \u00e9crite comprenant les informations suivantes :<\/p>\n\n\n\n<ul class=\"wp-block-list\">\n<li>Votre signature physique ou \u00e9lectronique.<\/li>\n\n\n\n<li>Identification de l'\u0153uvre prot\u00e9g\u00e9e par le droit d'auteur dont vous pr\u00e9tendez qu'elle a \u00e9t\u00e9 viol\u00e9e.<\/li>\n\n\n\n<li>L'identification du mat\u00e9riel consid\u00e9r\u00e9 comme \u00e9tant en infraction, y compris son emplacement exact (URL) sur le site web.<\/li>\n\n\n\n<li>Vos coordonn\u00e9es, y compris votre nom complet, votre adresse, votre num\u00e9ro de t\u00e9l\u00e9phone et votre adresse \u00e9lectronique.<\/li>\n\n\n\n<li>Une d\u00e9claration indiquant que vous pensez de bonne foi que l'utilisation du mat\u00e9riel n'est pas autoris\u00e9e par le d\u00e9tenteur des droits d'auteur, son agent ou la loi.<\/li>\n\n\n\n<li>Une d\u00e9claration, sous peine de parjure, selon laquelle les informations fournies sont exactes et que vous \u00eates le titulaire des droits d'auteur ou autoris\u00e9 \u00e0 agir en son nom.<\/li>\n<\/ul>\n\n\n\n<p>Vous pouvez envoyer votre avis DMCA par l'interm\u00e9diaire de notre <a href=\"https:\/\/outertune.app\/fr\/nous-contacter\/\">Page de contact<\/a>.<\/p>\n\n\n\n<h2 class=\"wp-block-heading\">Mesures \u00e0 prendre \u00e0 la r\u00e9ception d'un avis<\/h2>\n\n\n\n<ol start=\"2\" class=\"wp-block-list\"><\/ol>\n\n\n\n<p>D\u00e8s r\u00e9ception d'un avis de violation des droits d'auteur valable, nous nous engageons \u00e0<\/p>\n\n\n\n<ul class=\"wp-block-list\">\n<li>Examiner rapidement la plainte<\/li>\n\n\n\n<li>supprimer ou d\u00e9sactiver l'acc\u00e8s au mat\u00e9riel pr\u00e9tendument en infraction<\/li>\n\n\n\n<li>Notifier l'utilisateur responsable du contenu, le cas \u00e9ch\u00e9ant<\/li>\n<\/ul>\n\n\n\n<h2 class=\"wp-block-heading\">Contre-notification<\/h2>\n\n\n\n<ol start=\"3\" class=\"wp-block-list\"><\/ol>\n\n\n\n<p>Si vous pensez que votre contenu a \u00e9t\u00e9 supprim\u00e9 ou d\u00e9sactiv\u00e9 par erreur ou par m\u00e9connaissance, vous pouvez envoyer une contre-notification comprenant les \u00e9l\u00e9ments suivants :<\/p>\n\n\n\n<ul class=\"wp-block-list\">\n<li>Votre signature physique ou \u00e9lectronique.<\/li>\n\n\n\n<li>Identification du mat\u00e9riau enlev\u00e9 et de l'endroit o\u00f9 il se trouvait avant l'enl\u00e8vement.<\/li>\n\n\n\n<li>Une d\u00e9claration sous peine de parjure indiquant que vous pensez en toute bonne foi que le mat\u00e9riel a \u00e9t\u00e9 retir\u00e9 en raison d'une erreur ou d'une mauvaise identification.<\/li>\n\n\n\n<li>Votre nom, votre adresse, votre num\u00e9ro de t\u00e9l\u00e9phone et votre adresse \u00e9lectronique.<\/li>\n\n\n\n<li>Une d\u00e9claration selon laquelle vous reconnaissez la comp\u00e9tence des tribunaux comp\u00e9tents et acceptez la signification d'un acte de proc\u00e9dure de la part de la personne qui a d\u00e9pos\u00e9 la plainte initiale.<\/li>\n<\/ul>\n\n\n\n<p>Les contre-notifications doivent \u00e9galement \u00eatre envoy\u00e9es par l'interm\u00e9diaire de notre site web. <a href=\"https:\/\/outertune.app\/fr\/nous-contacter\/\">Page de contact<\/a>.<\/p>\n\n\n\n<h2 class=\"wp-block-heading\">Infracteurs r\u00e9cidivistes<\/h2>\n\n\n\n<ol start=\"4\" class=\"wp-block-list\"><\/ol>\n\n\n\n<p>Nous nous r\u00e9servons le droit de suspendre ou de r\u00e9silier l'acc\u00e8s au site web pour les utilisateurs qui enfreignent de mani\u00e8re r\u00e9p\u00e9t\u00e9e les droits d'auteur ou les droits de propri\u00e9t\u00e9 intellectuelle.<\/p>\n\n\n\n<h2 class=\"wp-block-heading\">Utilisation abusive de la proc\u00e9dure DMCA<\/h2>\n\n\n\n<ol start=\"5\" class=\"wp-block-list\"><\/ol>\n\n\n\n<p>La pr\u00e9sentation de demandes fausses ou trompeuses peut avoir des cons\u00e9quences juridiques. Nous encourageons toutes les parties \u00e0 s'assurer que leurs d\u00e9clarations sont exactes et faites de bonne foi.<\/p>\n\n\n\n<h2 class=\"wp-block-heading\">Modifications de la pr\u00e9sente politique<\/h2>\n\n\n\n<ol start=\"6\" class=\"wp-block-list\"><\/ol>\n\n\n\n<p>Nous pouvons mettre \u00e0 jour la pr\u00e9sente politique de conformit\u00e9 DMCA \u00e0 tout moment. Toute modification sera publi\u00e9e sur cette page avec une date d'entr\u00e9e en vigueur actualis\u00e9e.<\/p>\n\n\n\n<h2 class=\"wp-block-heading\">Nous contacter<\/h2>\n\n\n\n<ol start=\"7\" class=\"wp-block-list\"><\/ol>\n\n\n\n<p>Si vous avez des questions concernant la pr\u00e9sente politique de conformit\u00e9 au DMCA, vous pouvez <a href=\"https:\/\/outertune.app\/fr\/nous-contacter\/\">nous contacter<\/a>.<\/p>","protected":false},"excerpt":{"rendered":"<p>Sur outertune.app (le \u201c\u00a0Site Web\u00a0\u201d), nous respectons les droits de propri\u00e9t\u00e9 intellectuelle d&#039;autrui et attendons de nos utilisateurs et contributeurs qu&#039;ils en fassent de m\u00eame. La pr\u00e9sente Politique de conformit\u00e9 DMCA d\u00e9crit comment nous traitons les r\u00e9clamations pour violation de droits d&#039;auteur conform\u00e9ment \u00e0 la l\u00e9gislation applicable. Signalement d&#039;une violation de droits d&#039;auteur\u00a0: Si vous pensez qu&#039;un contenu de ce Site Web porte atteinte \u00e0 vos droits d&#039;auteur, vous pouvez\u2026<\/p>","protected":false},"author":1,"featured_media":0,"parent":0,"menu_order":0,"comment_status":"closed","ping_status":"closed","template":"","meta":{"_kad_blocks_custom_css":"","_kad_blocks_head_custom_js":"","_kad_blocks_body_custom_js":"","_kad_blocks_footer_custom_js":"","_kad_post_transparent":"","_kad_post_title":"","_kad_post_layout":"","_kad_post_sidebar_id":"","_kad_post_content_style":"","_kad_post_vertical_padding":"","_kad_post_feature":"","_kad_post_feature_position":"","_kad_post_header":false,"_kad_post_footer":false,"_kad_post_classname":"","footnotes":""},"class_list":["post-46","page","type-page","status-publish","hentry"],"taxonomy_info":[],"featured_image_src_large":false,"author_info":{"display_name":"Gabbie","author_link":"https:\/\/outertune.app\/fr\/author\/misra9884gmail-com\/"},"comment_info":0,"_links":{"self":[{"href":"https:\/\/outertune.app\/fr\/wp-json\/wp\/v2\/pages\/46","targetHints":{"allow":["GET"]}}],"collection":[{"href":"https:\/\/outertune.app\/fr\/wp-json\/wp\/v2\/pages"}],"about":[{"href":"https:\/\/outertune.app\/fr\/wp-json\/wp\/v2\/types\/page"}],"author":[{"embeddable":true,"href":"https:\/\/outertune.app\/fr\/wp-json\/wp\/v2\/users\/1"}],"replies":[{"embeddable":true,"href":"https:\/\/outertune.app\/fr\/wp-json\/wp\/v2\/comments?post=46"}],"version-history":[{"count":1,"href":"https:\/\/outertune.app\/fr\/wp-json\/wp\/v2\/pages\/46\/revisions"}],"predecessor-version":[{"id":47,"href":"https:\/\/outertune.app\/fr\/wp-json\/wp\/v2\/pages\/46\/revisions\/47"}],"wp:attachment":[{"href":"https:\/\/outertune.app\/fr\/wp-json\/wp\/v2\/media?parent=46"}],"curies":[{"name":"wp","href":"https:\/\/api.w.org\/{rel}","templated":true}]}}