{"id":40,"date":"2026-03-28T10:33:46","date_gmt":"2026-03-28T10:33:46","guid":{"rendered":"https:\/\/outertune.app\/?page_id=40"},"modified":"2026-03-28T10:33:47","modified_gmt":"2026-03-28T10:33:47","slug":"clause-de-non-responsabilite","status":"publish","type":"page","link":"https:\/\/outertune.app\/fr\/clause-de-non-responsabilite\/","title":{"rendered":"Clause de non-responsabilit\u00e9"},"content":{"rendered":"<p>Bienvenue \u00e0 <a href=\"https:\/\/outertune.app\/fr\/\">outertune.app<\/a> (le \u201csite web\u201d). Les informations fournies sur ce site Web le sont uniquement \u00e0 des fins d'information g\u00e9n\u00e9rale et d'\u00e9ducation. En utilisant ce site web, vous acceptez le pr\u00e9sent avis de non-responsabilit\u00e9.<\/p>\n\n\n\n<h2 class=\"wp-block-heading\">Informations g\u00e9n\u00e9rales<\/h2>\n\n\n\n<ol class=\"wp-block-list\"><\/ol>\n\n\n\n<p>Tout le contenu publi\u00e9 sur ce site Web est fourni en toute bonne foi et \u00e0 titre d'information g\u00e9n\u00e9rale relative \u00e0 l'application Outertune. Bien que nous nous efforcions de maintenir les informations exactes et \u00e0 jour, nous ne donnons aucune garantie quant \u00e0 l'exhaustivit\u00e9, la fiabilit\u00e9 ou l'exactitude.<\/p>\n\n\n\n<p>Toute action entreprise sur la base des informations trouv\u00e9es sur ce site Internet est strictement \u00e0 vos risques et p\u00e9rils.<\/p>\n\n\n\n<h2 class=\"wp-block-heading\">Pas de conseil professionnel<\/h2>\n\n\n\n<ol start=\"2\" class=\"wp-block-list\"><\/ol>\n\n\n\n<p>Le contenu de ce site web ne constitue pas un avis professionnel, technique ou juridique. Les utilisateurs doivent v\u00e9rifier ind\u00e9pendamment toute information avant de s'y fier.<\/p>\n\n\n\n<h2 class=\"wp-block-heading\">Liens externes Disclaimer<\/h2>\n\n\n\n<ol start=\"3\" class=\"wp-block-list\"><\/ol>\n\n\n\n<p>Ce site web peut contenir des liens vers des sites web ou des services de tiers \u00e0 des fins d'information compl\u00e9mentaire ou de commodit\u00e9.<\/p>\n\n\n\n<p>Nous ne contr\u00f4lons pas et n'assumons pas la responsabilit\u00e9 du contenu, de l'exactitude ou des pratiques des sites web externes. La visite de ces liens se fait \u00e0 votre discr\u00e9tion et \u00e0 vos risques et p\u00e9rils.<\/p>\n\n\n\n<h2 class=\"wp-block-heading\">Avis de non-responsabilit\u00e9 de Google AdSense<\/h2>\n\n\n\n<ol start=\"4\" class=\"wp-block-list\"><\/ol>\n\n\n\n<p>Ce site web peut afficher des publicit\u00e9s par l'interm\u00e9diaire de r\u00e9seaux publicitaires tiers tels que Google AdSense.<\/p>\n\n\n\n<ul class=\"wp-block-list\">\n<li>Ces publicit\u00e9s peuvent utiliser des cookies et des technologies de suivi pour afficher des publicit\u00e9s pertinentes.<\/li>\n\n\n\n<li>Nous ne contr\u00f4lons pas le contenu de ces publicit\u00e9s.<\/li>\n\n\n\n<li>En cliquant sur des publicit\u00e9s de tiers, vous serez redirig\u00e9 vers des sites web externes, et nous ne sommes pas responsables de leur contenu ou de leurs pratiques en mati\u00e8re de protection de la vie priv\u00e9e.<\/li>\n<\/ul>\n\n\n\n<h2 class=\"wp-block-heading\">Limitation de la responsabilit\u00e9<\/h2>\n\n\n\n<ol start=\"5\" class=\"wp-block-list\"><\/ol>\n\n\n\n<p>En aucun cas outertune.app, son propri\u00e9taire ou ses contributeurs ne pourront \u00eatre tenus pour responsables des dommages directs, indirects, accessoires ou cons\u00e9cutifs r\u00e9sultant de :<\/p>\n\n\n\n<ul class=\"wp-block-list\">\n<li>Utilisation du site web<\/li>\n\n\n\n<li>Confiance dans les informations fournies<\/li>\n\n\n\n<li>Interaction avec des liens ou des publicit\u00e9s de tiers<\/li>\n<\/ul>\n\n\n\n<h2 class=\"wp-block-heading\">Consentement<\/h2>\n\n\n\n<ol start=\"6\" class=\"wp-block-list\"><\/ol>\n\n\n\n<p>En utilisant notre site web, vous consentez par la pr\u00e9sente \u00e0 cet avis de non-responsabilit\u00e9 et en acceptez les termes.<\/p>\n\n\n\n<h2 class=\"wp-block-heading\">Mises \u00e0 jour<\/h2>\n\n\n\n<ol start=\"7\" class=\"wp-block-list\"><\/ol>\n\n\n\n<p>Nous pouvons mettre \u00e0 jour le pr\u00e9sent avis de non-responsabilit\u00e9 \u00e0 tout moment et sans pr\u00e9avis. Toute modification sera publi\u00e9e sur cette page avec la date d'entr\u00e9e en vigueur mise \u00e0 jour.<\/p>\n\n\n\n<h2 class=\"wp-block-heading\">Nous contacter<\/h2>\n\n\n\n<ol start=\"8\" class=\"wp-block-list\"><\/ol>\n\n\n\n<p>Si vous avez des questions concernant la pr\u00e9sente clause de non-responsabilit\u00e9, vous pouvez <a href=\"https:\/\/outertune.app\/fr\/nous-contacter\/\">nous contacter<\/a>.<\/p>","protected":false},"excerpt":{"rendered":"<p>Bienvenue sur outertune.app (le \u201c\u00a0Site Web\u00a0\u201d). Les informations fournies sur ce Site Web sont uniquement destin\u00e9es \u00e0 des fins d\u2019information g\u00e9n\u00e9rale et \u00e9ducatives. En utilisant ce Site Web, vous acceptez la pr\u00e9sente clause de non-responsabilit\u00e9. Informations g\u00e9n\u00e9rales\u00a0: L\u2019ensemble du contenu publi\u00e9 sur ce Site Web est fourni de bonne foi et \u00e0 titre d\u2019information g\u00e9n\u00e9rale concernant l\u2019application Outertune. Bien que nous nous efforcions de maintenir\u2026<\/p>","protected":false},"author":1,"featured_media":0,"parent":0,"menu_order":0,"comment_status":"closed","ping_status":"closed","template":"","meta":{"_kad_blocks_custom_css":"","_kad_blocks_head_custom_js":"","_kad_blocks_body_custom_js":"","_kad_blocks_footer_custom_js":"","_kad_post_transparent":"","_kad_post_title":"","_kad_post_layout":"","_kad_post_sidebar_id":"","_kad_post_content_style":"","_kad_post_vertical_padding":"","_kad_post_feature":"","_kad_post_feature_position":"","_kad_post_header":false,"_kad_post_footer":false,"_kad_post_classname":"","footnotes":""},"class_list":["post-40","page","type-page","status-publish","hentry"],"taxonomy_info":[],"featured_image_src_large":false,"author_info":{"display_name":"Gabbie","author_link":"https:\/\/outertune.app\/fr\/author\/misra9884gmail-com\/"},"comment_info":0,"_links":{"self":[{"href":"https:\/\/outertune.app\/fr\/wp-json\/wp\/v2\/pages\/40","targetHints":{"allow":["GET"]}}],"collection":[{"href":"https:\/\/outertune.app\/fr\/wp-json\/wp\/v2\/pages"}],"about":[{"href":"https:\/\/outertune.app\/fr\/wp-json\/wp\/v2\/types\/page"}],"author":[{"embeddable":true,"href":"https:\/\/outertune.app\/fr\/wp-json\/wp\/v2\/users\/1"}],"replies":[{"embeddable":true,"href":"https:\/\/outertune.app\/fr\/wp-json\/wp\/v2\/comments?post=40"}],"version-history":[{"count":1,"href":"https:\/\/outertune.app\/fr\/wp-json\/wp\/v2\/pages\/40\/revisions"}],"predecessor-version":[{"id":41,"href":"https:\/\/outertune.app\/fr\/wp-json\/wp\/v2\/pages\/40\/revisions\/41"}],"wp:attachment":[{"href":"https:\/\/outertune.app\/fr\/wp-json\/wp\/v2\/media?parent=40"}],"curies":[{"name":"wp","href":"https:\/\/api.w.org\/{rel}","templated":true}]}}