{"id":40,"date":"2026-03-28T10:33:46","date_gmt":"2026-03-28T10:33:46","guid":{"rendered":"https:\/\/outertune.app\/?page_id=40"},"modified":"2026-03-28T10:33:47","modified_gmt":"2026-03-28T10:33:47","slug":"descargo-de-responsabilidad","status":"publish","type":"page","link":"https:\/\/outertune.app\/es\/descargo-de-responsabilidad\/","title":{"rendered":"Descargo de responsabilidad"},"content":{"rendered":"<p>Bienvenido a <a href=\"https:\/\/outertune.app\/es\/\">outertune.app<\/a> (el \u201cSitio Web\u201d). La informaci\u00f3n proporcionada en este Sitio Web tiene fines informativos y educativos generales \u00fanicamente. Al utilizar este Sitio Web, usted acepta este Aviso Legal.<\/p>\n\n\n\n<h2 class=\"wp-block-heading\">Informaci\u00f3n general<\/h2>\n\n\n\n<ol class=\"wp-block-list\"><\/ol>\n\n\n\n<p>Todo el contenido publicado en este sitio web se ofrece de buena fe y con fines informativos generales relacionados con la aplicaci\u00f3n Outertune. Si bien nos esforzamos por mantener la informaci\u00f3n precisa y actualizada, no garantizamos su integridad, fiabilidad ni exactitud.<\/p>\n\n\n\n<p>Cualquier acci\u00f3n que usted emprenda bas\u00e1ndose en la informaci\u00f3n que encuentre en este sitio web ser\u00e1 bajo su propia responsabilidad.<\/p>\n\n\n\n<h2 class=\"wp-block-heading\">Sin asesoramiento profesional<\/h2>\n\n\n\n<ol start=\"2\" class=\"wp-block-list\"><\/ol>\n\n\n\n<p>El contenido de este sitio web no constituye asesoramiento profesional, t\u00e9cnico ni legal. Los usuarios deben verificar de forma independiente cualquier informaci\u00f3n antes de basarse en ella.<\/p>\n\n\n\n<h2 class=\"wp-block-heading\">Descargo de responsabilidad sobre enlaces externos<\/h2>\n\n\n\n<ol start=\"3\" class=\"wp-block-list\"><\/ol>\n\n\n\n<p>Este sitio web puede contener enlaces a sitios web o servicios de terceros para obtener informaci\u00f3n adicional o para mayor comodidad.<\/p>\n\n\n\n<p>No controlamos ni nos hacemos responsables del contenido, la veracidad ni las pr\u00e1cticas de ning\u00fan sitio web externo. Visitar dichos enlaces se realiza bajo su propia responsabilidad y riesgo.<\/p>\n\n\n\n<h2 class=\"wp-block-heading\">Aviso legal de Google AdSense<\/h2>\n\n\n\n<ol start=\"4\" class=\"wp-block-list\"><\/ol>\n\n\n\n<p>Este sitio web puede mostrar anuncios a trav\u00e9s de redes publicitarias de terceros, como Google AdSense.<\/p>\n\n\n\n<ul class=\"wp-block-list\">\n<li>Estos anuncios pueden utilizar cookies y tecnolog\u00edas de seguimiento para mostrar publicidad relevante.<\/li>\n\n\n\n<li>No controlamos el contenido de estos anuncios.<\/li>\n\n\n\n<li>Al hacer clic en anuncios de terceros, ser\u00e1 redirigido a sitios web externos, y no nos hacemos responsables de su contenido ni de sus pr\u00e1cticas de privacidad.<\/li>\n<\/ul>\n\n\n\n<h2 class=\"wp-block-heading\">Limitaci\u00f3n de responsabilidad<\/h2>\n\n\n\n<ol start=\"5\" class=\"wp-block-list\"><\/ol>\n\n\n\n<p>Bajo ninguna circunstancia outertune.app, su propietario o sus colaboradores ser\u00e1n responsables de ning\u00fan da\u00f1o directo, indirecto, incidental o consecuente que surja de:<\/p>\n\n\n\n<ul class=\"wp-block-list\">\n<li>Uso del sitio web<\/li>\n\n\n\n<li>Confianza en cualquier informaci\u00f3n proporcionada<\/li>\n\n\n\n<li>Interacci\u00f3n con enlaces o anuncios de terceros<\/li>\n<\/ul>\n\n\n\n<h2 class=\"wp-block-heading\">Consentimiento<\/h2>\n\n\n\n<ol start=\"6\" class=\"wp-block-list\"><\/ol>\n\n\n\n<p>Al utilizar nuestro sitio web, usted acepta este descargo de responsabilidad y sus t\u00e9rminos.<\/p>\n\n\n\n<h2 class=\"wp-block-heading\">Actualizaciones<\/h2>\n\n\n\n<ol start=\"7\" class=\"wp-block-list\"><\/ol>\n\n\n\n<p>Podemos actualizar este Aviso Legal en cualquier momento sin previo aviso. Cualquier cambio se publicar\u00e1 en esta p\u00e1gina con la fecha de entrada en vigor actualizada.<\/p>\n\n\n\n<h2 class=\"wp-block-heading\">P\u00f3ngase en contacto con nosotros<\/h2>\n\n\n\n<ol start=\"8\" class=\"wp-block-list\"><\/ol>\n\n\n\n<p>Si tiene alguna pregunta sobre este Aviso legal, puede <a href=\"https:\/\/outertune.app\/es\/contacto\/\">Contacto<\/a>.<\/p>","protected":false},"excerpt":{"rendered":"<p>Bienvenido a outertune.app (el \u201cSitio web\u201d). La informaci\u00f3n proporcionada en este Sitio web tiene fines informativos y educativos generales \u00fanicamente. Al utilizar este Sitio web, usted acepta este Aviso legal. Informaci\u00f3n general: Todo el contenido publicado en este Sitio web se proporciona de buena fe y con fines informativos generales relacionados con la aplicaci\u00f3n Outertune. Si bien nos esforzamos por mantener\u2026<\/p>","protected":false},"author":1,"featured_media":0,"parent":0,"menu_order":0,"comment_status":"closed","ping_status":"closed","template":"","meta":{"_kad_blocks_custom_css":"","_kad_blocks_head_custom_js":"","_kad_blocks_body_custom_js":"","_kad_blocks_footer_custom_js":"","_kad_post_transparent":"","_kad_post_title":"","_kad_post_layout":"","_kad_post_sidebar_id":"","_kad_post_content_style":"","_kad_post_vertical_padding":"","_kad_post_feature":"","_kad_post_feature_position":"","_kad_post_header":false,"_kad_post_footer":false,"_kad_post_classname":"","footnotes":""},"class_list":["post-40","page","type-page","status-publish","hentry"],"taxonomy_info":[],"featured_image_src_large":false,"author_info":{"display_name":"Gabbie","author_link":"https:\/\/outertune.app\/es\/author\/misra9884gmail-com\/"},"comment_info":0,"_links":{"self":[{"href":"https:\/\/outertune.app\/es\/wp-json\/wp\/v2\/pages\/40","targetHints":{"allow":["GET"]}}],"collection":[{"href":"https:\/\/outertune.app\/es\/wp-json\/wp\/v2\/pages"}],"about":[{"href":"https:\/\/outertune.app\/es\/wp-json\/wp\/v2\/types\/page"}],"author":[{"embeddable":true,"href":"https:\/\/outertune.app\/es\/wp-json\/wp\/v2\/users\/1"}],"replies":[{"embeddable":true,"href":"https:\/\/outertune.app\/es\/wp-json\/wp\/v2\/comments?post=40"}],"version-history":[{"count":1,"href":"https:\/\/outertune.app\/es\/wp-json\/wp\/v2\/pages\/40\/revisions"}],"predecessor-version":[{"id":41,"href":"https:\/\/outertune.app\/es\/wp-json\/wp\/v2\/pages\/40\/revisions\/41"}],"wp:attachment":[{"href":"https:\/\/outertune.app\/es\/wp-json\/wp\/v2\/media?parent=40"}],"curies":[{"name":"wp","href":"https:\/\/api.w.org\/{rel}","templated":true}]}}