{"id":3,"date":"2026-03-22T13:59:24","date_gmt":"2026-03-22T13:59:24","guid":{"rendered":"http:\/\/outertune.app\/?page_id=3"},"modified":"2026-03-28T10:31:03","modified_gmt":"2026-03-28T10:31:03","slug":"politica-de-privacidad","status":"publish","type":"page","link":"https:\/\/outertune.app\/es\/politica-de-privacidad\/","title":{"rendered":"Pol\u00edtica de privacidad"},"content":{"rendered":"<p>Bienvenido a <a href=\"https:\/\/outertune.app\/es\/\">outertune.app<\/a> (el \u201cSitio Web\u201d). Su privacidad es importante para nosotros. Esta pol\u00edtica de privacidad explica c\u00f3mo recopilamos, utilizamos y protegemos su informaci\u00f3n cuando visita nuestro sitio web o interact\u00faa con \u00e9l.<\/p>\n\n\n\n<p>Al utilizar este sitio web, usted acepta las condiciones establecidas en esta Pol\u00edtica de privacidad.<\/p>\n\n\n\n<h2 class=\"wp-block-heading\">Informaci\u00f3n que recopilamos<\/h2>\n\n\n\n<ol class=\"wp-block-list\"><\/ol>\n\n\n\n<p>Podemos recopilar los siguientes tipos de informaci\u00f3n:<\/p>\n\n\n\n<h3 class=\"wp-block-heading\">a) Datos personales<\/h3>\n\n\n\n<p>Puede facilitar voluntariamente informaci\u00f3n personal como:<\/p>\n\n\n\n<ul class=\"wp-block-list\">\n<li>Nombre<\/li>\n\n\n\n<li>Direcci\u00f3n de correo electr\u00f3nico<\/li>\n<\/ul>\n\n\n\n<p>Esto suele ocurrir cuando se pone en contacto con nosotros a trav\u00e9s de nuestro formulario de contacto.<\/p>\n\n\n\n<h3 class=\"wp-block-heading\">b) Informaci\u00f3n no personal<\/h3>\n\n\n\n<p>Podemos recopilar autom\u00e1ticamente cierta informaci\u00f3n, entre la que se incluye:<\/p>\n\n\n\n<ul class=\"wp-block-list\">\n<li>Direcci\u00f3n IP<\/li>\n\n\n\n<li>Tipo de navegador<\/li>\n\n\n\n<li>Informaci\u00f3n sobre el dispositivo<\/li>\n\n\n\n<li>P\u00e1ginas visitadas y tiempo pasado en el sitio web<\/li>\n<\/ul>\n\n\n\n<h2 class=\"wp-block-heading\">C\u00f3mo utilizamos su informaci\u00f3n<\/h2>\n\n\n\n<ol start=\"2\" class=\"wp-block-list\"><\/ol>\n\n\n\n<p>Utilizamos la informaci\u00f3n recopilada para:<\/p>\n\n\n\n<ul class=\"wp-block-list\">\n<li>Responder a las consultas y solicitudes de asistencia<\/li>\n\n\n\n<li>Mejorar el contenido del sitio web y la experiencia del usuario<\/li>\n\n\n\n<li>Supervisar el rendimiento y el uso del sitio web<\/li>\n\n\n\n<li>Mantener la seguridad y evitar usos indebidos<\/li>\n<\/ul>\n\n\n\n<h2 class=\"wp-block-heading\">Cookies y balizas web<\/h2>\n\n\n\n<ol start=\"3\" class=\"wp-block-list\"><\/ol>\n\n\n\n<p>Utilizamos cookies para:<\/p>\n\n\n\n<ul class=\"wp-block-list\">\n<li>Almacenar las preferencias del usuario<\/li>\n\n\n\n<li>Comprender el comportamiento de los usuarios<\/li>\n\n\n\n<li>Mejorar la funcionalidad del sitio web<\/li>\n<\/ul>\n\n\n\n<p>Puede desactivar las cookies a trav\u00e9s de la configuraci\u00f3n de su navegador. Sin embargo, es posible que algunas partes del sitio web no funcionen correctamente si las cookies est\u00e1n desactivadas.<\/p>\n\n\n\n<h2 class=\"wp-block-heading\">Publicidad en Google AdSense<\/h2>\n\n\n\n<ol start=\"4\" class=\"wp-block-list\"><\/ol>\n\n\n\n<p>Podemos utilizar los servicios de Google AdSense para mostrar anuncios.<\/p>\n\n\n\n<p>Estos servicios pueden utilizar cookies, incluida la cookie de DoubleClick, para publicar anuncios basados en su visita a este y otros sitios web.<\/p>\n\n\n\n<p>Google podr\u00e1 utilizar los datos recogidos para:<\/p>\n\n\n\n<ul class=\"wp-block-list\">\n<li>Mostrar anuncios personalizados<\/li>\n\n\n\n<li>Medir el rendimiento de los anuncios<\/li>\n\n\n\n<li>Mejorar los servicios de publicidad<\/li>\n<\/ul>\n\n\n\n<p>Los usuarios pueden optar por no recibir publicidad personalizada visitando: <a href=\"https:\/\/www.google.com\/settings\/ads\" target=\"_blank\" rel=\"noopener\">https:\/\/www.google.com\/settings\/ads<\/a><\/p>\n\n\n\n<p>No controlamos c\u00f3mo utilizan sus datos los anunciantes externos.<\/p>\n\n\n\n<h2 class=\"wp-block-heading\">Pol\u00edticas de privacidad de terceros<\/h2>\n\n\n\n<ol start=\"5\" class=\"wp-block-list\"><\/ol>\n\n\n\n<p>La Pol\u00edtica de Privacidad de outertune.app no se aplica a otros anunciantes o sitios web. Le aconsejamos que consulte las respectivas pol\u00edticas de privacidad de los servicios de terceros para obtener informaci\u00f3n m\u00e1s detallada.<\/p>\n\n\n\n<h2 class=\"wp-block-heading\">Protecci\u00f3n de datos<\/h2>\n\n\n\n<ol start=\"6\" class=\"wp-block-list\"><\/ol>\n\n\n\n<p>Tomamos medidas razonables para proteger su informaci\u00f3n personal. Sin embargo, ning\u00fan m\u00e9todo de transmisi\u00f3n por Internet es completamente seguro, por lo que no podemos garantizar una seguridad absoluta.<\/p>\n\n\n\n<h2 class=\"wp-block-heading\">Sus derechos de privacidad<\/h2>\n\n\n\n<ol start=\"7\" class=\"wp-block-list\"><\/ol>\n\n\n\n<p>Dependiendo de su ubicaci\u00f3n, puede tener derechos como:<\/p>\n\n\n\n<ul class=\"wp-block-list\">\n<li>Acceso a sus datos personales<\/li>\n\n\n\n<li>Solicitud de rectificaci\u00f3n o supresi\u00f3n<\/li>\n\n\n\n<li>Retirar el consentimiento<\/li>\n<\/ul>\n\n\n\n<p>Para ejercer estos derechos, p\u00f3ngase en contacto con nosotros a trav\u00e9s del siguiente enlace.<\/p>\n\n\n\n<h2 class=\"wp-block-heading\">Informaci\u00f3n infantil<\/h2>\n\n\n\n<ol start=\"8\" class=\"wp-block-list\"><\/ol>\n\n\n\n<p>No recopilamos conscientemente informaci\u00f3n personal de ni\u00f1os menores de 13 a\u00f1os. Si cree que un ni\u00f1o ha proporcionado datos personales, p\u00f3ngase en contacto con nosotros y los eliminaremos de inmediato.<\/p>\n\n\n\n<h2 class=\"wp-block-heading\">Actualizaciones de esta pol\u00edtica de privacidad<\/h2>\n\n\n\n<ol start=\"9\" class=\"wp-block-list\"><\/ol>\n\n\n\n<p>Podemos actualizar esta Pol\u00edtica de Privacidad de vez en cuando. Los cambios se publicar\u00e1n en esta p\u00e1gina con una fecha de entrada en vigor actualizada.<\/p>\n\n\n\n<h2 class=\"wp-block-heading\">Consentimiento<\/h2>\n\n\n\n<ol start=\"10\" class=\"wp-block-list\"><\/ol>\n\n\n\n<p>Al utilizar nuestro Sitio Web, usted acepta nuestra Pol\u00edtica de Privacidad y est\u00e1 de acuerdo con sus t\u00e9rminos.<\/p>\n\n\n\n<h2 class=\"wp-block-heading\">P\u00f3ngase en contacto con nosotros<\/h2>\n\n\n\n<ol start=\"11\" class=\"wp-block-list\"><\/ol>\n\n\n\n<p>Si tiene alguna pregunta sobre esta Pol\u00edtica de Privacidad, puede <a href=\"https:\/\/outertune.app\/es\/contacto\/\">Contacto<\/a>.<\/p>","protected":false},"excerpt":{"rendered":"<p>Bienvenido a outertune.app (el \u201cSitio web\u201d). Su privacidad es importante para nosotros. Esta Pol\u00edtica de privacidad explica c\u00f3mo recopilamos, usamos y protegemos su informaci\u00f3n cuando visita o interact\u00faa con nuestro Sitio web. Al usar este Sitio web, usted acepta los t\u00e9rminos descritos en esta Pol\u00edtica de privacidad. Informaci\u00f3n que recopilamos Podemos recopilar los siguientes tipos de\u2026<\/p>","protected":false},"author":1,"featured_media":0,"parent":0,"menu_order":0,"comment_status":"closed","ping_status":"open","template":"","meta":{"_kad_blocks_custom_css":"","_kad_blocks_head_custom_js":"","_kad_blocks_body_custom_js":"","_kad_blocks_footer_custom_js":"","_kad_post_transparent":"","_kad_post_title":"","_kad_post_layout":"","_kad_post_sidebar_id":"","_kad_post_content_style":"","_kad_post_vertical_padding":"","_kad_post_feature":"","_kad_post_feature_position":"","_kad_post_header":false,"_kad_post_footer":false,"_kad_post_classname":"","footnotes":""},"class_list":["post-3","page","type-page","status-publish","hentry"],"taxonomy_info":[],"featured_image_src_large":false,"author_info":{"display_name":"Gabbie","author_link":"https:\/\/outertune.app\/es\/author\/misra9884gmail-com\/"},"comment_info":0,"_links":{"self":[{"href":"https:\/\/outertune.app\/es\/wp-json\/wp\/v2\/pages\/3","targetHints":{"allow":["GET"]}}],"collection":[{"href":"https:\/\/outertune.app\/es\/wp-json\/wp\/v2\/pages"}],"about":[{"href":"https:\/\/outertune.app\/es\/wp-json\/wp\/v2\/types\/page"}],"author":[{"embeddable":true,"href":"https:\/\/outertune.app\/es\/wp-json\/wp\/v2\/users\/1"}],"replies":[{"embeddable":true,"href":"https:\/\/outertune.app\/es\/wp-json\/wp\/v2\/comments?post=3"}],"version-history":[{"count":1,"href":"https:\/\/outertune.app\/es\/wp-json\/wp\/v2\/pages\/3\/revisions"}],"predecessor-version":[{"id":39,"href":"https:\/\/outertune.app\/es\/wp-json\/wp\/v2\/pages\/3\/revisions\/39"}],"wp:attachment":[{"href":"https:\/\/outertune.app\/es\/wp-json\/wp\/v2\/media?parent=3"}],"curies":[{"name":"wp","href":"https:\/\/api.w.org\/{rel}","templated":true}]}}