{"id":46,"date":"2026-03-28T10:41:49","date_gmt":"2026-03-28T10:41:49","guid":{"rendered":"https:\/\/outertune.app\/?page_id=46"},"modified":"2026-03-28T10:41:50","modified_gmt":"2026-03-28T10:41:50","slug":"dmca-compliance","status":"publish","type":"page","link":"https:\/\/outertune.app\/de\/dmca-compliance\/","title":{"rendered":"DMCA-Einhaltung"},"content":{"rendered":"<p>Unter <a href=\"https:\/\/outertune.app\/de\/\">outertune.app<\/a> (die \u201cWebsite\u201d) respektieren wir die geistigen Eigentumsrechte anderer und erwarten, dass Nutzer und Mitwirkende dasselbe tun. Diese DMCA-Compliance-Richtlinie legt dar, wie wir mit Anspr\u00fcchen aus Urheberrechtsverletzungen in \u00dcbereinstimmung mit den geltenden Urheberrechtsgesetzen umgehen.<\/p>\n\n\n\n<h2 class=\"wp-block-heading\">Meldung von Urheberrechtsverst\u00f6\u00dfen<\/h2>\n\n\n\n<ol class=\"wp-block-list\"><\/ol>\n\n\n\n<p>Wenn Sie der Meinung sind, dass Inhalte auf dieser Website Ihr Urheberrecht verletzen, k\u00f6nnen Sie eine schriftliche Mitteilung mit den folgenden Angaben einreichen:<\/p>\n\n\n\n<ul class=\"wp-block-list\">\n<li>Ihre physische oder elektronische Unterschrift.<\/li>\n\n\n\n<li>Identifizierung des urheberrechtlich gesch\u00fctzten Werks, das Ihrer Ansicht nach verletzt wurde.<\/li>\n\n\n\n<li>Identifizierung des Materials, das angeblich eine Verletzung darstellt, einschlie\u00dflich seiner genauen Position (URL) auf der Website.<\/li>\n\n\n\n<li>Ihre Kontaktinformationen, einschlie\u00dflich Ihres vollst\u00e4ndigen Namens, Ihrer Adresse, Telefonnummer und E-Mail-Adresse.<\/li>\n\n\n\n<li>Eine Erkl\u00e4rung, dass Sie in gutem Glauben davon ausgehen, dass die Verwendung des Materials nicht durch den Urheberrechtsinhaber, seinen Vertreter oder das Gesetz genehmigt ist.<\/li>\n\n\n\n<li>Eine eidesstattliche Erkl\u00e4rung, dass die angegebenen Informationen korrekt sind und dass Sie der Urheberrechtsinhaber sind oder befugt sind, in dessen Namen zu handeln.<\/li>\n<\/ul>\n\n\n\n<p>Sie k\u00f6nnen Ihre DMCA-Meldung \u00fcber unser <a href=\"https:\/\/outertune.app\/de\/kontaktieren-sie-uns\/\">Kontakt Seite<\/a>.<\/p>\n\n\n\n<h2 class=\"wp-block-heading\">Ma\u00dfnahmen nach Erhalt einer Mitteilung<\/h2>\n\n\n\n<ol start=\"2\" class=\"wp-block-list\"><\/ol>\n\n\n\n<p>Nach Erhalt einer g\u00fcltigen Mitteilung \u00fcber eine Urheberrechtsverletzung werden wir:<\/p>\n\n\n\n<ul class=\"wp-block-list\">\n<li>die Beschwerde unverz\u00fcglich zu pr\u00fcfen<\/li>\n\n\n\n<li>Entfernung oder Sperrung des Zugriffs auf das mutma\u00dflich rechtsverletzende Material<\/li>\n\n\n\n<li>Benachrichtigung des f\u00fcr den Inhalt verantwortlichen Nutzers, falls zutreffend<\/li>\n<\/ul>\n\n\n\n<h2 class=\"wp-block-heading\">Gegennotiz<\/h2>\n\n\n\n<ol start=\"3\" class=\"wp-block-list\"><\/ol>\n\n\n\n<p>Wenn Sie der Meinung sind, dass Ihr Inhalt f\u00e4lschlicherweise entfernt oder deaktiviert wurde, k\u00f6nnen Sie eine Gegendarstellung einreichen, die folgende Angaben enth\u00e4lt:<\/p>\n\n\n\n<ul class=\"wp-block-list\">\n<li>Ihre physische oder elektronische Unterschrift.<\/li>\n\n\n\n<li>Identifizierung des entfernten Materials und der Stelle, an der es sich vor der Entfernung befand.<\/li>\n\n\n\n<li>Eine eidesstattliche Erkl\u00e4rung, dass Sie in gutem Glauben davon ausgehen, dass das Material aufgrund eines Fehlers oder einer falschen Identifizierung entfernt wurde.<\/li>\n\n\n\n<li>Ihren Namen, Ihre Adresse, Telefonnummer und E-Mail-Adresse.<\/li>\n\n\n\n<li>Eine Erkl\u00e4rung, dass Sie sich mit der Zust\u00e4ndigkeit der zust\u00e4ndigen Gerichte einverstanden erkl\u00e4ren und die Zustellung der Klage durch die Person, die die urspr\u00fcngliche Beschwerde eingereicht hat, akzeptieren.<\/li>\n<\/ul>\n\n\n\n<p>Gegennotifizierungen sollten auch \u00fcber unser <a href=\"https:\/\/outertune.app\/de\/kontaktieren-sie-uns\/\">Kontakt Seite<\/a>.<\/p>\n\n\n\n<h2 class=\"wp-block-heading\">Wiederholte Rechtsverletzer<\/h2>\n\n\n\n<ol start=\"4\" class=\"wp-block-list\"><\/ol>\n\n\n\n<p>Wir behalten uns das Recht vor, den Zugang zur Website f\u00fcr Benutzer auszusetzen oder zu beenden, die wiederholt gegen das Urheberrecht versto\u00dfen oder geistige Eigentumsrechte verletzen.<\/p>\n\n\n\n<h2 class=\"wp-block-heading\">Missbrauch des DMCA-Verfahrens<\/h2>\n\n\n\n<ol start=\"5\" class=\"wp-block-list\"><\/ol>\n\n\n\n<p>Die Einreichung falscher oder irref\u00fchrender Angaben kann rechtliche Konsequenzen nach sich ziehen. Wir fordern alle Beteiligten auf, sicherzustellen, dass ihre Angaben korrekt sind und in gutem Glauben gemacht werden.<\/p>\n\n\n\n<h2 class=\"wp-block-heading\">\u00c4nderungen an dieser Politik<\/h2>\n\n\n\n<ol start=\"6\" class=\"wp-block-list\"><\/ol>\n\n\n\n<p>Wir k\u00f6nnen diese DMCA-Compliance-Richtlinie jederzeit aktualisieren. Alle \u00c4nderungen werden auf dieser Seite mit einem aktualisierten Datum des Inkrafttretens ver\u00f6ffentlicht.<\/p>\n\n\n\n<h2 class=\"wp-block-heading\">Kontakt<\/h2>\n\n\n\n<ol start=\"7\" class=\"wp-block-list\"><\/ol>\n\n\n\n<p>Wenn Sie Fragen zu dieser DMCA-Compliance-Richtlinie haben, k\u00f6nnen Sie <a href=\"https:\/\/outertune.app\/de\/kontaktieren-sie-uns\/\">Kontaktieren Sie uns<\/a>.<\/p>","protected":false},"excerpt":{"rendered":"<p>Auf outertune.app (die \u201cWebsite\u201d) respektieren wir die Rechte am geistigen Eigentum anderer und erwarten, dass Nutzer und Mitwirkende dasselbe tun. Diese DMCA-Compliance-Richtlinie beschreibt, wie wir mit Anspr\u00fcchen wegen Urheberrechtsverletzungen in \u00dcbereinstimmung mit den geltenden Urheberrechtsgesetzen umgehen. Meldung von Urheberrechtsverletzungen Wenn Sie glauben, dass Inhalte auf dieser Website Ihr Urheberrecht verletzen, k\u00f6nnen Sie...<\/p>","protected":false},"author":1,"featured_media":0,"parent":0,"menu_order":0,"comment_status":"closed","ping_status":"closed","template":"","meta":{"_kad_blocks_custom_css":"","_kad_blocks_head_custom_js":"","_kad_blocks_body_custom_js":"","_kad_blocks_footer_custom_js":"","_kad_post_transparent":"","_kad_post_title":"","_kad_post_layout":"","_kad_post_sidebar_id":"","_kad_post_content_style":"","_kad_post_vertical_padding":"","_kad_post_feature":"","_kad_post_feature_position":"","_kad_post_header":false,"_kad_post_footer":false,"_kad_post_classname":"","footnotes":""},"class_list":["post-46","page","type-page","status-publish","hentry"],"taxonomy_info":[],"featured_image_src_large":false,"author_info":{"display_name":"Gabbie","author_link":"https:\/\/outertune.app\/de\/author\/misra9884gmail-com\/"},"comment_info":0,"_links":{"self":[{"href":"https:\/\/outertune.app\/de\/wp-json\/wp\/v2\/pages\/46","targetHints":{"allow":["GET"]}}],"collection":[{"href":"https:\/\/outertune.app\/de\/wp-json\/wp\/v2\/pages"}],"about":[{"href":"https:\/\/outertune.app\/de\/wp-json\/wp\/v2\/types\/page"}],"author":[{"embeddable":true,"href":"https:\/\/outertune.app\/de\/wp-json\/wp\/v2\/users\/1"}],"replies":[{"embeddable":true,"href":"https:\/\/outertune.app\/de\/wp-json\/wp\/v2\/comments?post=46"}],"version-history":[{"count":1,"href":"https:\/\/outertune.app\/de\/wp-json\/wp\/v2\/pages\/46\/revisions"}],"predecessor-version":[{"id":47,"href":"https:\/\/outertune.app\/de\/wp-json\/wp\/v2\/pages\/46\/revisions\/47"}],"wp:attachment":[{"href":"https:\/\/outertune.app\/de\/wp-json\/wp\/v2\/media?parent=46"}],"curies":[{"name":"wp","href":"https:\/\/api.w.org\/{rel}","templated":true}]}}