{"id":40,"date":"2026-03-28T10:33:46","date_gmt":"2026-03-28T10:33:46","guid":{"rendered":"https:\/\/outertune.app\/?page_id=40"},"modified":"2026-03-28T10:33:47","modified_gmt":"2026-03-28T10:33:47","slug":"haftungsausschluss","status":"publish","type":"page","link":"https:\/\/outertune.app\/de\/haftungsausschluss\/","title":{"rendered":"Haftungsausschluss"},"content":{"rendered":"<p>Willkommen bei <a href=\"https:\/\/outertune.app\/de\/\">outertune.app<\/a> (die \u201cWebsite\u201d). Die auf dieser Website bereitgestellten Informationen dienen ausschlie\u00dflich allgemeinen Informations- und Bildungszwecken. Durch die Nutzung dieser Website erkl\u00e4ren Sie sich mit diesem Haftungsausschluss einverstanden.<\/p>\n\n\n\n<h2 class=\"wp-block-heading\">Allgemeine Informationen<\/h2>\n\n\n\n<ol class=\"wp-block-list\"><\/ol>\n\n\n\n<p>Alle auf dieser Website ver\u00f6ffentlichten Inhalte werden nach bestem Wissen und Gewissen und zu allgemeinen Informationszwecken im Zusammenhang mit der Outertune-App bereitgestellt. Obwohl wir uns bem\u00fchen, die Informationen korrekt und aktuell zu halten, \u00fcbernehmen wir keine Gew\u00e4hr f\u00fcr Vollst\u00e4ndigkeit, Zuverl\u00e4ssigkeit oder Richtigkeit.<\/p>\n\n\n\n<p>Jegliche Handlungen, die Sie aufgrund der Informationen auf dieser Website vornehmen, erfolgen ausschlie\u00dflich auf Ihr eigenes Risiko.<\/p>\n\n\n\n<h2 class=\"wp-block-heading\">Keine professionelle Beratung<\/h2>\n\n\n\n<ol start=\"2\" class=\"wp-block-list\"><\/ol>\n\n\n\n<p>Die Inhalte dieser Website stellen keine professionelle, technische oder rechtliche Beratung dar. Nutzer sollten alle Informationen selbstst\u00e4ndig \u00fcberpr\u00fcfen, bevor sie sich darauf verlassen.<\/p>\n\n\n\n<h2 class=\"wp-block-heading\">Haftungsausschluss f\u00fcr externe Links<\/h2>\n\n\n\n<ol start=\"3\" class=\"wp-block-list\"><\/ol>\n\n\n\n<p>Diese Website kann Links zu Websites oder Diensten Dritter enthalten, die zus\u00e4tzliche Informationen oder Komfort bieten.<\/p>\n\n\n\n<p>Wir haben keinen Einfluss auf die Inhalte, die Richtigkeit oder die Praktiken externer Websites und \u00fcbernehmen daf\u00fcr auch keine Verantwortung. Der Besuch solcher Links erfolgt auf eigene Gefahr.<\/p>\n\n\n\n<h2 class=\"wp-block-heading\">Google AdSense-Haftungsausschluss<\/h2>\n\n\n\n<ol start=\"4\" class=\"wp-block-list\"><\/ol>\n\n\n\n<p>Diese Website kann Werbung \u00fcber Werbenetzwerke von Drittanbietern wie Google AdSense anzeigen.<\/p>\n\n\n\n<ul class=\"wp-block-list\">\n<li>Diese Anzeigen verwenden m\u00f6glicherweise Cookies und Tracking-Technologien, um relevante Werbung anzuzeigen.<\/li>\n\n\n\n<li>Wir haben keinen Einfluss auf den Inhalt dieser Anzeigen.<\/li>\n\n\n\n<li>Durch Anklicken von Anzeigen Dritter werden Sie auf externe Webseiten weitergeleitet, f\u00fcr deren Inhalte oder Datenschutzpraktiken wir nicht verantwortlich sind.<\/li>\n<\/ul>\n\n\n\n<h2 class=\"wp-block-heading\">Beschr\u00e4nkung der Haftung<\/h2>\n\n\n\n<ol start=\"5\" class=\"wp-block-list\"><\/ol>\n\n\n\n<p>Unter keinen Umst\u00e4nden haften outertune.app, dessen Eigent\u00fcmer oder Mitwirkende f\u00fcr direkte, indirekte, zuf\u00e4llige oder Folgesch\u00e4den, die sich aus Folgendem ergeben:<\/p>\n\n\n\n<ul class=\"wp-block-list\">\n<li>Nutzung der Website<\/li>\n\n\n\n<li>Vertrauen auf jegliche bereitgestellte Informationen<\/li>\n\n\n\n<li>Interaktion mit Links oder Werbeanzeigen von Drittanbietern<\/li>\n<\/ul>\n\n\n\n<h2 class=\"wp-block-heading\">Zustimmung<\/h2>\n\n\n\n<ol start=\"6\" class=\"wp-block-list\"><\/ol>\n\n\n\n<p>Durch die Nutzung unserer Website erkl\u00e4ren Sie sich mit diesem Haftungsausschluss und seinen Bedingungen einverstanden.<\/p>\n\n\n\n<h2 class=\"wp-block-heading\">Aktualisierungen<\/h2>\n\n\n\n<ol start=\"7\" class=\"wp-block-list\"><\/ol>\n\n\n\n<p>Wir behalten uns das Recht vor, diesen Haftungsausschluss jederzeit ohne vorherige Ank\u00fcndigung zu aktualisieren. \u00c4nderungen werden mit dem aktualisierten G\u00fcltigkeitsdatum auf dieser Seite ver\u00f6ffentlicht.<\/p>\n\n\n\n<h2 class=\"wp-block-heading\">Kontakt<\/h2>\n\n\n\n<ol start=\"8\" class=\"wp-block-list\"><\/ol>\n\n\n\n<p>Wenn Sie Fragen zu diesem Haftungsausschluss haben, k\u00f6nnen Sie <a href=\"https:\/\/outertune.app\/de\/kontaktieren-sie-uns\/\">Kontaktieren Sie uns<\/a>.<\/p>","protected":false},"excerpt":{"rendered":"<p>Willkommen bei outertune.app (der \u201cWebsite\u201d). Die auf dieser Website bereitgestellten Informationen dienen ausschlie\u00dflich allgemeinen Informations- und Bildungszwecken. Mit der Nutzung dieser Website erkl\u00e4ren Sie sich mit diesem Haftungsausschluss einverstanden. Allgemeine Informationen: Alle auf dieser Website ver\u00f6ffentlichten Inhalte werden nach bestem Wissen und Gewissen und zu allgemeinen Informationszwecken im Zusammenhang mit der Outertune-App bereitgestellt. Wir bem\u00fchen uns, \u2026<\/p>","protected":false},"author":1,"featured_media":0,"parent":0,"menu_order":0,"comment_status":"closed","ping_status":"closed","template":"","meta":{"_kad_blocks_custom_css":"","_kad_blocks_head_custom_js":"","_kad_blocks_body_custom_js":"","_kad_blocks_footer_custom_js":"","_kad_post_transparent":"","_kad_post_title":"","_kad_post_layout":"","_kad_post_sidebar_id":"","_kad_post_content_style":"","_kad_post_vertical_padding":"","_kad_post_feature":"","_kad_post_feature_position":"","_kad_post_header":false,"_kad_post_footer":false,"_kad_post_classname":"","footnotes":""},"class_list":["post-40","page","type-page","status-publish","hentry"],"taxonomy_info":[],"featured_image_src_large":false,"author_info":{"display_name":"Gabbie","author_link":"https:\/\/outertune.app\/de\/author\/misra9884gmail-com\/"},"comment_info":0,"_links":{"self":[{"href":"https:\/\/outertune.app\/de\/wp-json\/wp\/v2\/pages\/40","targetHints":{"allow":["GET"]}}],"collection":[{"href":"https:\/\/outertune.app\/de\/wp-json\/wp\/v2\/pages"}],"about":[{"href":"https:\/\/outertune.app\/de\/wp-json\/wp\/v2\/types\/page"}],"author":[{"embeddable":true,"href":"https:\/\/outertune.app\/de\/wp-json\/wp\/v2\/users\/1"}],"replies":[{"embeddable":true,"href":"https:\/\/outertune.app\/de\/wp-json\/wp\/v2\/comments?post=40"}],"version-history":[{"count":1,"href":"https:\/\/outertune.app\/de\/wp-json\/wp\/v2\/pages\/40\/revisions"}],"predecessor-version":[{"id":41,"href":"https:\/\/outertune.app\/de\/wp-json\/wp\/v2\/pages\/40\/revisions\/41"}],"wp:attachment":[{"href":"https:\/\/outertune.app\/de\/wp-json\/wp\/v2\/media?parent=40"}],"curies":[{"name":"wp","href":"https:\/\/api.w.org\/{rel}","templated":true}]}}